{"id":312,"date":"2020-11-29T14:04:38","date_gmt":"2020-11-29T13:04:38","guid":{"rendered":"https:\/\/socatrout.com\/?page_id=312"},"modified":"2022-01-16T23:23:59","modified_gmt":"2022-01-16T22:23:59","slug":"fly-fishing-vacation","status":"publish","type":"page","link":"https:\/\/socatrout.com\/sl\/fly-fishing-vacation\/","title":{"rendered":"Muharske po\u010ditnice"},"content":{"rendered":"<div data-elementor-type=\"wp-page\" data-elementor-id=\"312\" class=\"elementor elementor-312\" data-elementor-post-type=\"page\">\n\t\t\t\t\t\t<section class=\"elementor-section elementor-top-section elementor-element elementor-element-731b79c elementor-section-boxed elementor-section-height-default elementor-section-height-default\" data-id=\"731b79c\" data-element_type=\"section\" data-e-type=\"section\">\n\t\t\t\t\t\t<div class=\"elementor-container elementor-column-gap-default\">\n\t\t\t\t\t<div class=\"aux-parallax-section elementor-column elementor-col-100 elementor-top-column elementor-element elementor-element-7142672\" data-id=\"7142672\" data-element_type=\"column\" data-e-type=\"column\" data-settings=\"{&quot;background_background&quot;:&quot;gradient&quot;}\">\n\t\t\t<div class=\"elementor-widget-wrap elementor-element-populated\">\n\t\t\t\t\t\t<div class=\"elementor-element elementor-element-ccd7801 elementor-widget elementor-widget-aux_modern_heading\" data-id=\"ccd7801\" data-element_type=\"widget\" data-e-type=\"widget\" data-widget_type=\"aux_modern_heading.default\">\n\t\t\t\t<div class=\"elementor-widget-container\">\n\t\t\t\t\t<section class=\"aux-widget-modern-heading\">\n            <div class=\"aux-widget-inner\"><h2 class=\"aux-modern-heading-primary\">Muharske po\u010ditnice<\/h2><h3 class=\"aux-modern-heading-secondary\"><span class=\"aux-head-before\">Bi radi pre\u017eiveli muharski vikend ali dalj\u0161e po\u010ditnice in imeli vklju\u010deno spanje in hrano?\nNe izgubljajte \u010dasa z iskanjem po spletu, mi vam lahko pripravimo muharske po\u010ditnice po meri.<\/span><\/h3><\/div>\n        <\/section>\t\t\t\t<\/div>\n\t\t\t\t<\/div>\n\t\t\t\t\t<\/div>\n\t\t<\/div>\n\t\t\t\t\t<\/div>\n\t\t<\/section>\n\t\t\t\t<section class=\"elementor-section elementor-top-section elementor-element elementor-element-f3e56c8 elementor-section-boxed elementor-section-height-default elementor-section-height-default\" data-id=\"f3e56c8\" data-element_type=\"section\" data-e-type=\"section\">\n\t\t\t\t\t\t<div class=\"elementor-container elementor-column-gap-default\">\n\t\t\t\t\t<div class=\"aux-parallax-section elementor-column elementor-col-100 elementor-top-column elementor-element elementor-element-ecbc021\" data-id=\"ecbc021\" data-element_type=\"column\" data-e-type=\"column\">\n\t\t\t<div class=\"elementor-widget-wrap elementor-element-populated\">\n\t\t\t\t\t\t<div class=\"elementor-element elementor-element-7862360 elementor-widget elementor-widget-aux_image\" data-id=\"7862360\" data-element_type=\"widget\" data-e-type=\"widget\" data-widget_type=\"aux_image.default\">\n\t\t\t\t<div class=\"elementor-widget-container\">\n\t\t\t\t\t<section class=\"widget-container aux-widget-image aux-alignnone aux-parent-auc2951d70\">\n    <div class=\"aux-media-hint-frame\">\n        <div class=\"aux-media-image\" >\n        \n            \n\n            \n            <img fetchpriority=\"high\" decoding=\"async\" width=\"1920\" height=\"1443\" src=\"https:\/\/socatrout.com\/wp-content\/uploads\/2022\/01\/P1240943-2-1.jpg\" class=\"aux-attachment aux-featured-image aux-attachment-id-5328\" alt=\"P1240943 (2)\" data-ratio=\"1.33\" data-original-w=\"1920\" \/>            \n                <\/div>\n    <\/div>\n\n<\/section><!-- widget-container -->\t\t\t\t<\/div>\n\t\t\t\t<\/div>\n\t\t\t\t\t<\/div>\n\t\t<\/div>\n\t\t\t\t\t<\/div>\n\t\t<\/section>\n\t\t\t\t<section class=\"elementor-section elementor-top-section elementor-element elementor-element-4b6ed4c elementor-section-boxed elementor-section-height-default elementor-section-height-default\" data-id=\"4b6ed4c\" data-element_type=\"section\" data-e-type=\"section\" data-settings=\"{&quot;background_background&quot;:&quot;gradient&quot;}\">\n\t\t\t\t\t\t<div class=\"elementor-container elementor-column-gap-default\">\n\t\t\t\t\t<div class=\"aux-parallax-section elementor-column elementor-col-50 elementor-top-column elementor-element elementor-element-6475d9c\" data-id=\"6475d9c\" data-element_type=\"column\" data-e-type=\"column\" data-settings=\"{&quot;background_background&quot;:&quot;gradient&quot;}\">\n\t\t\t<div class=\"elementor-widget-wrap elementor-element-populated\">\n\t\t\t\t\t\t<div class=\"elementor-element elementor-element-c9c2a3c elementor-widget elementor-widget-aux_modern_heading\" data-id=\"c9c2a3c\" data-element_type=\"widget\" data-e-type=\"widget\" data-widget_type=\"aux_modern_heading.default\">\n\t\t\t\t<div class=\"elementor-widget-container\">\n\t\t\t\t\t<section class=\"aux-widget-modern-heading\">\n            <div class=\"aux-widget-inner\"><h2 class=\"aux-modern-heading-primary\">Muharske po\u010ditnice po meri<\/h2><div class=\"aux-modern-heading-description\"><p class=\"translation-block\">Izbirate lahko med vsemi na\u0161imi izleti, ki jih imamo v ponudbi, poi\u0161\u010dite jih <span style=\"text-decoration: underline\"><a href=\"https:\/\/socatrout.com\/sl\/fly-fishing\/\" data-wplink-url-error=\"true\" target=\"_self\">tukaj<\/a><\/span>.<\/p><p class=\"translation-block\">Izberete lahko poljubno \u0161tevilo no\u010ditev in izletov. \nLahko imate vsak dan enak izlet, ali pa se \u017eelite vsak dan preizkusiti v druga\u010dnem do\u017eivetju. Napi\u0161ite nam va\u0161e \u017eelje in potrudili se bomo izpolniti vsa va\u0161a pri\u010dakovanja.<\/p><p>Kako lahko rezervirate muharske po\u010ditnice? <br \/>Enostavno! <br \/>Kliknite na gumb rezerviraj zdaj in v kontaktnem obrazcu izberite po\u010ditnice po meri, v sporo\u010dilo napi\u0161ite vse va\u0161e \u017eelje in z veseljem vam bomo odgovorili in pripravili paket.<\/p><\/div><\/div>\n        <\/section>\t\t\t\t<\/div>\n\t\t\t\t<\/div>\n\t\t\t\t\t<\/div>\n\t\t<\/div>\n\t\t\t\t<div class=\"aux-parallax-section elementor-column elementor-col-50 elementor-top-column elementor-element elementor-element-ec1e1a8\" data-id=\"ec1e1a8\" data-element_type=\"column\" data-e-type=\"column\" data-settings=\"{&quot;background_background&quot;:&quot;classic&quot;}\">\n\t\t\t<div class=\"elementor-widget-wrap elementor-element-populated\">\n\t\t\t\t\t<div class=\"elementor-background-overlay\"><\/div>\n\t\t\t\t\t\t<div class=\"elementor-element elementor-element-af7f011 elementor-widget elementor-widget-aux_button\" data-id=\"af7f011\" data-element_type=\"widget\" data-e-type=\"widget\" data-widget_type=\"aux_button.default\">\n\t\t\t\t<div class=\"elementor-widget-container\">\n\t\t\t\t\t<a  href=\"https:\/\/socatrout.com\/sl\/contact-us\/\" target=\"_self\"   class=\"aux-button aux-medium aux-dark-orange aux-curve aux-none\" ><span class=\"aux-overlay\"><\/span><span class=\"aux-text\">Rezervirajte zdaj<\/span><\/a>\t\t\t\t<\/div>\n\t\t\t\t<\/div>\n\t\t\t\t\t<\/div>\n\t\t<\/div>\n\t\t\t\t\t<\/div>\n\t\t<\/section>\n\t\t\t\t<section class=\"elementor-section elementor-top-section elementor-element elementor-element-563791a elementor-section-boxed elementor-section-height-default elementor-section-height-default\" data-id=\"563791a\" data-element_type=\"section\" data-e-type=\"section\">\n\t\t\t\t\t\t<div class=\"elementor-container elementor-column-gap-default\">\n\t\t\t\t\t<div class=\"aux-parallax-section elementor-column elementor-col-100 elementor-top-column elementor-element elementor-element-abb4614\" data-id=\"abb4614\" data-element_type=\"column\" data-e-type=\"column\">\n\t\t\t<div class=\"elementor-widget-wrap elementor-element-populated\">\n\t\t\t\t\t\t<div class=\"elementor-element elementor-element-079289b elementor-widget-divider--view-line elementor-widget elementor-widget-divider\" data-id=\"079289b\" data-element_type=\"widget\" data-e-type=\"widget\" data-widget_type=\"divider.default\">\n\t\t\t\t<div class=\"elementor-widget-container\">\n\t\t\t\t\t\t\t<div class=\"elementor-divider\">\n\t\t\t<span class=\"elementor-divider-separator\">\n\t\t\t\t\t\t<\/span>\n\t\t<\/div>\n\t\t\t\t\t\t<\/div>\n\t\t\t\t<\/div>\n\t\t\t\t\t<\/div>\n\t\t<\/div>\n\t\t\t\t\t<\/div>\n\t\t<\/section>\n\t\t\t\t<section class=\"elementor-section elementor-top-section elementor-element elementor-element-c58a125 elementor-section-boxed elementor-section-height-default elementor-section-height-default\" data-id=\"c58a125\" data-element_type=\"section\" data-e-type=\"section\">\n\t\t\t\t\t\t<div class=\"elementor-container elementor-column-gap-default\">\n\t\t\t\t\t<div class=\"aux-parallax-section elementor-column elementor-col-100 elementor-top-column elementor-element elementor-element-ccb08e9\" data-id=\"ccb08e9\" data-element_type=\"column\" data-e-type=\"column\" data-settings=\"{&quot;background_background&quot;:&quot;gradient&quot;}\">\n\t\t\t<div class=\"elementor-widget-wrap elementor-element-populated\">\n\t\t\t\t\t\t<div class=\"elementor-element elementor-element-5947b0a elementor-widget elementor-widget-aux_modern_heading\" data-id=\"5947b0a\" data-element_type=\"widget\" data-e-type=\"widget\" data-widget_type=\"aux_modern_heading.default\">\n\t\t\t\t<div class=\"elementor-widget-container\">\n\t\t\t\t\t<section class=\"aux-widget-modern-heading\">\n            <div class=\"aux-widget-inner\"><h2 class=\"aux-modern-heading-primary\">Preverite tudi <\/h2><h3 class=\"aux-modern-heading-secondary\"><span class=\"aux-head-before\">Ostalo muharsko ponudbo<\/span><\/h3><\/div>\n        <\/section>\t\t\t\t<\/div>\n\t\t\t\t<\/div>\n\t\t\t\t<section class=\"elementor-section elementor-inner-section elementor-element elementor-element-6d47fff elementor-section-boxed elementor-section-height-default elementor-section-height-default\" data-id=\"6d47fff\" data-element_type=\"section\" data-e-type=\"section\">\n\t\t\t\t\t\t<div class=\"elementor-container elementor-column-gap-default\">\n\t\t\t\t\t<div class=\"aux-parallax-section elementor-column elementor-col-50 elementor-inner-column elementor-element elementor-element-c4aadbe\" data-id=\"c4aadbe\" data-element_type=\"column\" data-e-type=\"column\" data-settings=\"{&quot;background_background&quot;:&quot;classic&quot;}\">\n\t\t\t<div class=\"elementor-widget-wrap elementor-element-populated\">\n\t\t\t\t\t<div class=\"elementor-background-overlay\"><\/div>\n\t\t\t\t\t\t<div class=\"elementor-element elementor-element-4cf31bc elementor-widget elementor-widget-aux_modern_heading\" data-id=\"4cf31bc\" data-element_type=\"widget\" data-e-type=\"widget\" data-widget_type=\"aux_modern_heading.default\">\n\t\t\t\t<div class=\"elementor-widget-container\">\n\t\t\t\t\t<section class=\"aux-widget-modern-heading\">\n            <div class=\"aux-widget-inner\"><h2 class=\"aux-modern-heading-primary\">Vodeni izleti<\/h2><\/div>\n        <\/section>\t\t\t\t<\/div>\n\t\t\t\t<\/div>\n\t\t\t\t<div class=\"elementor-element elementor-element-a437053 elementor-widget elementor-widget-aux_button\" data-id=\"a437053\" data-element_type=\"widget\" data-e-type=\"widget\" data-widget_type=\"aux_button.default\">\n\t\t\t\t<div class=\"elementor-widget-container\">\n\t\t\t\t\t<a  href=\"https:\/\/socatrout.com\/sl\/guided-fly-fishing-trips\/\" target=\"_self\"   class=\"aux-button aux-medium aux-dark-orange aux-curve aux-none\" ><span class=\"aux-overlay\"><\/span><span class=\"aux-text\">Preveri<\/span><\/a>\t\t\t\t<\/div>\n\t\t\t\t<\/div>\n\t\t\t\t\t<\/div>\n\t\t<\/div>\n\t\t\t\t<div class=\"aux-parallax-section elementor-column elementor-col-50 elementor-inner-column elementor-element elementor-element-a3d318e\" data-id=\"a3d318e\" data-element_type=\"column\" data-e-type=\"column\" data-settings=\"{&quot;background_background&quot;:&quot;classic&quot;}\">\n\t\t\t<div class=\"elementor-widget-wrap elementor-element-populated\">\n\t\t\t\t\t<div class=\"elementor-background-overlay\"><\/div>\n\t\t\t\t\t\t<div class=\"elementor-element elementor-element-a2008b4 elementor-widget elementor-widget-aux_modern_heading\" data-id=\"a2008b4\" data-element_type=\"widget\" data-e-type=\"widget\" data-widget_type=\"aux_modern_heading.default\">\n\t\t\t\t<div class=\"elementor-widget-container\">\n\t\t\t\t\t<section class=\"aux-widget-modern-heading\">\n            <div class=\"aux-widget-inner\"><h2 class=\"aux-modern-heading-primary\">\u0160ola muharjenja<\/h2><\/div>\n        <\/section>\t\t\t\t<\/div>\n\t\t\t\t<\/div>\n\t\t\t\t<div class=\"elementor-element elementor-element-83b5b24 elementor-widget elementor-widget-aux_button\" data-id=\"83b5b24\" data-element_type=\"widget\" data-e-type=\"widget\" data-widget_type=\"aux_button.default\">\n\t\t\t\t<div class=\"elementor-widget-container\">\n\t\t\t\t\t<a  href=\"https:\/\/socatrout.com\/sl\/fly-fishing-school\/\" target=\"_self\"   class=\"aux-button aux-medium aux-dark-orange aux-curve aux-none\" ><span class=\"aux-overlay\"><\/span><span class=\"aux-text\">Preveri<\/span><\/a>\t\t\t\t<\/div>\n\t\t\t\t<\/div>\n\t\t\t\t\t<\/div>\n\t\t<\/div>\n\t\t\t\t\t<\/div>\n\t\t<\/section>\n\t\t\t\t\t<\/div>\n\t\t<\/div>\n\t\t\t\t\t<\/div>\n\t\t<\/section>\n\t\t\t\t<\/div>","protected":false},"excerpt":{"rendered":"<p>Fly fishing vacation Would you like to spend your weekend fly fishing or a longer holiday where sleep or food are included? Don&#8217;t waste your time searching the web, we can prepare a custom fly fishing vacation for you. Fly fishing custom vacation You can find our offer of fly fishing trips here and choose [&hellip;]<\/p>\n","protected":false},"author":1,"featured_media":0,"parent":0,"menu_order":0,"comment_status":"closed","ping_status":"closed","template":"elementor_header_footer","meta":{"_monsterinsights_skip_tracking":false,"_monsterinsights_sitenote_active":false,"_monsterinsights_sitenote_note":"","_monsterinsights_sitenote_category":0,"footnotes":""},"class_list":["post-312","page","type-page","status-publish","hentry"],"yoast_head":"<!-- This site is optimized with the Yoast SEO plugin v27.4 - https:\/\/yoast.com\/product\/yoast-seo-wordpress\/ -->\n<title>Fly fishing vacation - Socatrout - the best fly fishing guide service<\/title>\n<meta name=\"description\" content=\"Would you like to spend a fly fishing weekend or a longer holiday with sleep or food included? Custom fly fishing vacation.\" \/>\n<meta name=\"robots\" content=\"index, follow, max-snippet:-1, max-image-preview:large, max-video-preview:-1\" \/>\n<link rel=\"canonical\" href=\"https:\/\/socatrout.com\/sl\/fly-fishing-vacation\/\" \/>\n<meta property=\"og:locale\" content=\"sl_SI\" \/>\n<meta property=\"og:type\" content=\"article\" \/>\n<meta property=\"og:title\" content=\"Fly fishing vacation - Socatrout - the best fly fishing guide service\" \/>\n<meta property=\"og:description\" content=\"Would you like to spend a fly fishing weekend or a longer holiday with sleep or food included? Custom fly fishing vacation.\" \/>\n<meta property=\"og:url\" content=\"https:\/\/socatrout.com\/sl\/fly-fishing-vacation\/\" \/>\n<meta property=\"og:site_name\" content=\"Socatrout\" \/>\n<meta property=\"article:publisher\" content=\"https:\/\/www.facebook.com\/socatrout.flyfishing\" \/>\n<meta property=\"article:modified_time\" content=\"2022-01-16T22:23:59+00:00\" \/>\n<meta property=\"og:image\" content=\"https:\/\/socatrout.com\/wp-content\/uploads\/2022\/01\/P1240943-2-1.jpg\" \/>\n<meta name=\"twitter:card\" content=\"summary_large_image\" \/>\n<meta name=\"twitter:label1\" content=\"Est. reading time\" \/>\n\t<meta name=\"twitter:data1\" content=\"2 minuti\" \/>\n<script type=\"application\/ld+json\" class=\"yoast-schema-graph\">{\"@context\":\"https:\\\/\\\/schema.org\",\"@graph\":[{\"@type\":\"WebPage\",\"@id\":\"https:\\\/\\\/socatrout.com\\\/fly-fishing-vacation\\\/\",\"url\":\"https:\\\/\\\/socatrout.com\\\/fly-fishing-vacation\\\/\",\"name\":\"Fly fishing vacation - Socatrout - the best fly fishing guide service\",\"isPartOf\":{\"@id\":\"https:\\\/\\\/socatrout.com\\\/#website\"},\"primaryImageOfPage\":{\"@id\":\"https:\\\/\\\/socatrout.com\\\/fly-fishing-vacation\\\/#primaryimage\"},\"image\":{\"@id\":\"https:\\\/\\\/socatrout.com\\\/fly-fishing-vacation\\\/#primaryimage\"},\"thumbnailUrl\":\"https:\\\/\\\/socatrout.com\\\/wp-content\\\/uploads\\\/2022\\\/01\\\/P1240943-2-1.jpg\",\"datePublished\":\"2020-11-29T13:04:38+00:00\",\"dateModified\":\"2022-01-16T22:23:59+00:00\",\"description\":\"Would you like to spend a fly fishing weekend or a longer holiday with sleep or food included? Custom fly fishing vacation.\",\"breadcrumb\":{\"@id\":\"https:\\\/\\\/socatrout.com\\\/fly-fishing-vacation\\\/#breadcrumb\"},\"inLanguage\":\"sl-SI\",\"potentialAction\":[{\"@type\":\"ReadAction\",\"target\":[\"https:\\\/\\\/socatrout.com\\\/fly-fishing-vacation\\\/\"]}]},{\"@type\":\"ImageObject\",\"inLanguage\":\"sl-SI\",\"@id\":\"https:\\\/\\\/socatrout.com\\\/fly-fishing-vacation\\\/#primaryimage\",\"url\":\"https:\\\/\\\/socatrout.com\\\/wp-content\\\/uploads\\\/2022\\\/01\\\/P1240943-2-1.jpg\",\"contentUrl\":\"https:\\\/\\\/socatrout.com\\\/wp-content\\\/uploads\\\/2022\\\/01\\\/P1240943-2-1.jpg\"},{\"@type\":\"BreadcrumbList\",\"@id\":\"https:\\\/\\\/socatrout.com\\\/fly-fishing-vacation\\\/#breadcrumb\",\"itemListElement\":[{\"@type\":\"ListItem\",\"position\":1,\"name\":\"Home\",\"item\":\"https:\\\/\\\/socatrout.com\\\/\"},{\"@type\":\"ListItem\",\"position\":2,\"name\":\"Fly fishing vacation\"}]},{\"@type\":\"WebSite\",\"@id\":\"https:\\\/\\\/socatrout.com\\\/#website\",\"url\":\"https:\\\/\\\/socatrout.com\\\/\",\"name\":\"socatrout\",\"description\":\"Fly fishing Slovenia\",\"publisher\":{\"@id\":\"https:\\\/\\\/socatrout.com\\\/#organization\"},\"potentialAction\":[{\"@type\":\"SearchAction\",\"target\":{\"@type\":\"EntryPoint\",\"urlTemplate\":\"https:\\\/\\\/socatrout.com\\\/?s={search_term_string}\"},\"query-input\":{\"@type\":\"PropertyValueSpecification\",\"valueRequired\":true,\"valueName\":\"search_term_string\"}}],\"inLanguage\":\"sl-SI\"},{\"@type\":\"Organization\",\"@id\":\"https:\\\/\\\/socatrout.com\\\/#organization\",\"name\":\"So\u010da trout Fly fishing\",\"url\":\"https:\\\/\\\/socatrout.com\\\/\",\"logo\":{\"@type\":\"ImageObject\",\"inLanguage\":\"sl-SI\",\"@id\":\"https:\\\/\\\/socatrout.com\\\/#\\\/schema\\\/logo\\\/image\\\/\",\"url\":\"https:\\\/\\\/socatrout.com\\\/wp-content\\\/uploads\\\/2021\\\/02\\\/Soca-Trout-flyfishing-logo-2021-01-2.png\",\"contentUrl\":\"https:\\\/\\\/socatrout.com\\\/wp-content\\\/uploads\\\/2021\\\/02\\\/Soca-Trout-flyfishing-logo-2021-01-2.png\",\"width\":2111,\"height\":1543,\"caption\":\"So\u010da trout Fly fishing\"},\"image\":{\"@id\":\"https:\\\/\\\/socatrout.com\\\/#\\\/schema\\\/logo\\\/image\\\/\"},\"sameAs\":[\"https:\\\/\\\/www.facebook.com\\\/socatrout.flyfishing\",\"https:\\\/\\\/www.instagram.com\\\/socatrout.flyfishing\\\/\",\"https:\\\/\\\/www.youtube.com\\\/channel\\\/UCw4-v9FXj7inSGD9Z-Geyow\"]}]}<\/script>\n<!-- \/ Yoast SEO plugin. -->","yoast_head_json":{"title":"Fly fishing vacation - Socatrout - the best fly fishing guide service","description":"Would you like to spend a fly fishing weekend or a longer holiday with sleep or food included? Custom fly fishing vacation.","robots":{"index":"index","follow":"follow","max-snippet":"max-snippet:-1","max-image-preview":"max-image-preview:large","max-video-preview":"max-video-preview:-1"},"canonical":"https:\/\/socatrout.com\/sl\/fly-fishing-vacation\/","og_locale":"sl_SI","og_type":"article","og_title":"Fly fishing vacation - Socatrout - the best fly fishing guide service","og_description":"Would you like to spend a fly fishing weekend or a longer holiday with sleep or food included? Custom fly fishing vacation.","og_url":"https:\/\/socatrout.com\/sl\/fly-fishing-vacation\/","og_site_name":"Socatrout","article_publisher":"https:\/\/www.facebook.com\/socatrout.flyfishing","article_modified_time":"2022-01-16T22:23:59+00:00","og_image":[{"url":"https:\/\/socatrout.com\/wp-content\/uploads\/2022\/01\/P1240943-2-1.jpg","type":"","width":"","height":""}],"twitter_card":"summary_large_image","twitter_misc":{"Est. reading time":"2 minuti"},"schema":{"@context":"https:\/\/schema.org","@graph":[{"@type":"WebPage","@id":"https:\/\/socatrout.com\/fly-fishing-vacation\/","url":"https:\/\/socatrout.com\/fly-fishing-vacation\/","name":"Fly fishing vacation - Socatrout - the best fly fishing guide service","isPartOf":{"@id":"https:\/\/socatrout.com\/#website"},"primaryImageOfPage":{"@id":"https:\/\/socatrout.com\/fly-fishing-vacation\/#primaryimage"},"image":{"@id":"https:\/\/socatrout.com\/fly-fishing-vacation\/#primaryimage"},"thumbnailUrl":"https:\/\/socatrout.com\/wp-content\/uploads\/2022\/01\/P1240943-2-1.jpg","datePublished":"2020-11-29T13:04:38+00:00","dateModified":"2022-01-16T22:23:59+00:00","description":"Would you like to spend a fly fishing weekend or a longer holiday with sleep or food included? Custom fly fishing vacation.","breadcrumb":{"@id":"https:\/\/socatrout.com\/fly-fishing-vacation\/#breadcrumb"},"inLanguage":"sl-SI","potentialAction":[{"@type":"ReadAction","target":["https:\/\/socatrout.com\/fly-fishing-vacation\/"]}]},{"@type":"ImageObject","inLanguage":"sl-SI","@id":"https:\/\/socatrout.com\/fly-fishing-vacation\/#primaryimage","url":"https:\/\/socatrout.com\/wp-content\/uploads\/2022\/01\/P1240943-2-1.jpg","contentUrl":"https:\/\/socatrout.com\/wp-content\/uploads\/2022\/01\/P1240943-2-1.jpg"},{"@type":"BreadcrumbList","@id":"https:\/\/socatrout.com\/fly-fishing-vacation\/#breadcrumb","itemListElement":[{"@type":"ListItem","position":1,"name":"Home","item":"https:\/\/socatrout.com\/"},{"@type":"ListItem","position":2,"name":"Fly fishing vacation"}]},{"@type":"WebSite","@id":"https:\/\/socatrout.com\/#website","url":"https:\/\/socatrout.com\/","name":"socatrout","description":"Fly fishing Slovenia","publisher":{"@id":"https:\/\/socatrout.com\/#organization"},"potentialAction":[{"@type":"SearchAction","target":{"@type":"EntryPoint","urlTemplate":"https:\/\/socatrout.com\/?s={search_term_string}"},"query-input":{"@type":"PropertyValueSpecification","valueRequired":true,"valueName":"search_term_string"}}],"inLanguage":"sl-SI"},{"@type":"Organization","@id":"https:\/\/socatrout.com\/#organization","name":"So\u010da trout Fly fishing","url":"https:\/\/socatrout.com\/","logo":{"@type":"ImageObject","inLanguage":"sl-SI","@id":"https:\/\/socatrout.com\/#\/schema\/logo\/image\/","url":"https:\/\/socatrout.com\/wp-content\/uploads\/2021\/02\/Soca-Trout-flyfishing-logo-2021-01-2.png","contentUrl":"https:\/\/socatrout.com\/wp-content\/uploads\/2021\/02\/Soca-Trout-flyfishing-logo-2021-01-2.png","width":2111,"height":1543,"caption":"So\u010da trout Fly fishing"},"image":{"@id":"https:\/\/socatrout.com\/#\/schema\/logo\/image\/"},"sameAs":["https:\/\/www.facebook.com\/socatrout.flyfishing","https:\/\/www.instagram.com\/socatrout.flyfishing\/","https:\/\/www.youtube.com\/channel\/UCw4-v9FXj7inSGD9Z-Geyow"]}]}},"_links":{"self":[{"href":"https:\/\/socatrout.com\/sl\/wp-json\/wp\/v2\/pages\/312","targetHints":{"allow":["GET"]}}],"collection":[{"href":"https:\/\/socatrout.com\/sl\/wp-json\/wp\/v2\/pages"}],"about":[{"href":"https:\/\/socatrout.com\/sl\/wp-json\/wp\/v2\/types\/page"}],"author":[{"embeddable":true,"href":"https:\/\/socatrout.com\/sl\/wp-json\/wp\/v2\/users\/1"}],"replies":[{"embeddable":true,"href":"https:\/\/socatrout.com\/sl\/wp-json\/wp\/v2\/comments?post=312"}],"version-history":[{"count":324,"href":"https:\/\/socatrout.com\/sl\/wp-json\/wp\/v2\/pages\/312\/revisions"}],"predecessor-version":[{"id":5523,"href":"https:\/\/socatrout.com\/sl\/wp-json\/wp\/v2\/pages\/312\/revisions\/5523"}],"wp:attachment":[{"href":"https:\/\/socatrout.com\/sl\/wp-json\/wp\/v2\/media?parent=312"}],"curies":[{"name":"wp","href":"https:\/\/api.w.org\/{rel}","templated":true}]}}