{"id":47,"date":"2020-03-11T20:42:39","date_gmt":"2020-03-11T19:42:39","guid":{"rendered":"https:\/\/socatrout.com\/italy\/"},"modified":"2022-01-22T22:01:38","modified_gmt":"2022-01-22T21:01:38","slug":"fly-fishing-school","status":"publish","type":"page","link":"https:\/\/socatrout.com\/sl\/fly-fishing-school\/","title":{"rendered":"\u0160ola muharjenja"},"content":{"rendered":"<div data-elementor-type=\"wp-page\" data-elementor-id=\"47\" class=\"elementor elementor-47\" data-elementor-post-type=\"page\">\n\t\t\t\t\t\t<section class=\"elementor-section elementor-top-section elementor-element elementor-element-3699f4b elementor-section-boxed elementor-section-height-default elementor-section-height-default\" data-id=\"3699f4b\" data-element_type=\"section\" data-e-type=\"section\">\n\t\t\t\t\t\t<div class=\"elementor-container elementor-column-gap-default\">\n\t\t\t\t\t<div class=\"aux-parallax-section elementor-column elementor-col-100 elementor-top-column elementor-element elementor-element-250a15c\" data-id=\"250a15c\" data-element_type=\"column\" data-e-type=\"column\" data-settings=\"{&quot;background_background&quot;:&quot;gradient&quot;}\">\n\t\t\t<div class=\"elementor-widget-wrap elementor-element-populated\">\n\t\t\t\t\t\t<div class=\"elementor-element elementor-element-8bb7bcb elementor-widget elementor-widget-aux_modern_heading\" data-id=\"8bb7bcb\" data-element_type=\"widget\" data-e-type=\"widget\" data-widget_type=\"aux_modern_heading.default\">\n\t\t\t\t<div class=\"elementor-widget-container\">\n\t\t\t\t\t<section class=\"aux-widget-modern-heading\">\n            <div class=\"aux-widget-inner\"><h2 class=\"aux-modern-heading-primary\">\u0160ola muharjenja<\/h2><h3 class=\"aux-modern-heading-secondary\"><span class=\"aux-head-before\">Ali ste popoln za\u010detnik, ki bi se rad spoznal z muharjenjem? Ali ste \u017ee izku\u0161en ribi\u010d, ki bi rad izpopolnil muharsko tehniko in znanje?\nSo\u010da trout ima popolne te\u010daje za vas.\nIzkoristite prijetno okolje za pridobivanje novega znanja.\nIzku\u0161en lokalni vodnik vam bo predal znanje, ki ga je pridobival z muharjenjem od malih nog.<\/span><\/h3><\/div>\n        <\/section>\t\t\t\t<\/div>\n\t\t\t\t<\/div>\n\t\t\t\t<div class=\"elementor-element elementor-element-55fcc9f elementor-widget elementor-widget-aux_image\" data-id=\"55fcc9f\" data-element_type=\"widget\" data-e-type=\"widget\" data-widget_type=\"aux_image.default\">\n\t\t\t\t<div class=\"elementor-widget-container\">\n\t\t\t\t\t<section class=\"widget-container aux-widget-image aux-alignnone aux-parent-au0d2efcbe\">\n    <div class=\"aux-media-hint-frame\">\n        <div class=\"aux-media-image\" >\n        \n            \n\n            \n            <img fetchpriority=\"high\" decoding=\"async\" width=\"1920\" height=\"1281\" src=\"https:\/\/socatrout.com\/wp-content\/uploads\/2021\/03\/P1160877-2.jpg\" class=\"aux-attachment aux-featured-image aux-attachment-id-3826\" alt=\"fly fishing school\" data-ratio=\"1.5\" data-original-w=\"1920\" \/>            \n                <\/div>\n    <\/div>\n\n<\/section><!-- widget-container -->\t\t\t\t<\/div>\n\t\t\t\t<\/div>\n\t\t\t\t\t<\/div>\n\t\t<\/div>\n\t\t\t\t\t<\/div>\n\t\t<\/section>\n\t\t\t\t<section class=\"elementor-section elementor-top-section elementor-element elementor-element-fc4937d elementor-section-boxed elementor-section-height-default elementor-section-height-default\" data-id=\"fc4937d\" data-element_type=\"section\" data-e-type=\"section\" data-settings=\"{&quot;background_background&quot;:&quot;classic&quot;}\">\n\t\t\t\t\t\t<div class=\"elementor-container elementor-column-gap-default\">\n\t\t\t\t\t<div class=\"aux-parallax-section elementor-column elementor-col-50 elementor-top-column elementor-element elementor-element-0bac5c1\" data-id=\"0bac5c1\" data-element_type=\"column\" data-e-type=\"column\" data-settings=\"{&quot;background_background&quot;:&quot;gradient&quot;}\">\n\t\t\t<div class=\"elementor-widget-wrap elementor-element-populated\">\n\t\t\t\t\t\t<div class=\"elementor-element elementor-element-6475a32 elementor-widget elementor-widget-aux_modern_heading\" data-id=\"6475a32\" data-element_type=\"widget\" data-e-type=\"widget\" data-widget_type=\"aux_modern_heading.default\">\n\t\t\t\t<div class=\"elementor-widget-container\">\n\t\t\t\t\t<section class=\"aux-widget-modern-heading\">\n            <div class=\"aux-widget-inner\"><h2 class=\"aux-modern-heading-primary\">Te\u010daj muharskega meta<\/h2><div class=\"aux-modern-heading-description\"><p class=\"translation-block\">Na tem te\u010daju lahko izbolj\u0161ate svoj muharski met ali se ga na novo nau\u010dite.\nZakaj pa je muharski met tako pomemben? \nS pravilno tehniko lahko dose\u017eete ve\u010d rib, manj jih spla\u0161ite in seveda ve\u010d ulovite. \nTe te\u010daje izvajamo na odprtem na travnati podlagi.<\/p><p align=\"left\" class=\"translation-block\">Te\u010daj pokriva osnovne in nadaljevalne muharske mete, ki se jih u\u010dimo glede na predznanje:\n   <br> \u2022 osnovni met\n   <br> \u2022 enojni vlek\n   <br> \u2022 kolutni vlek\n    <br>\u2022 dvojni vlek\n    <br>\u2022 strelski met\n    <br>\u2022 belgijski met...<\/p><p><strong>Cena: 30\u20ac\/uro<\/strong><\/p><\/div><\/div>\n        <\/section>\t\t\t\t<\/div>\n\t\t\t\t<\/div>\n\t\t\t\t\t<\/div>\n\t\t<\/div>\n\t\t\t\t<div class=\"aux-parallax-section elementor-column elementor-col-50 elementor-top-column elementor-element elementor-element-c9f8454\" data-id=\"c9f8454\" data-element_type=\"column\" data-e-type=\"column\" data-settings=\"{&quot;background_background&quot;:&quot;classic&quot;}\">\n\t\t\t<div class=\"elementor-widget-wrap elementor-element-populated\">\n\t\t\t\t\t<div class=\"elementor-background-overlay\"><\/div>\n\t\t\t\t\t\t<div class=\"elementor-element elementor-element-0181615 elementor-widget elementor-widget-aux_button\" data-id=\"0181615\" data-element_type=\"widget\" data-e-type=\"widget\" data-widget_type=\"aux_button.default\">\n\t\t\t\t<div class=\"elementor-widget-container\">\n\t\t\t\t\t<a  href=\"https:\/\/socatrout.com\/sl\/contact-us\/\" target=\"_self\"   class=\"aux-button aux-medium aux-dark-orange aux-curve aux-none\" ><span class=\"aux-overlay\"><\/span><span class=\"aux-text\">Rezervirajte zdaj<\/span><\/a>\t\t\t\t<\/div>\n\t\t\t\t<\/div>\n\t\t\t\t\t<\/div>\n\t\t<\/div>\n\t\t\t\t\t<\/div>\n\t\t<\/section>\n\t\t\t\t<section class=\"elementor-section elementor-top-section elementor-element elementor-element-ea44256 elementor-section-boxed elementor-section-height-default elementor-section-height-default\" data-id=\"ea44256\" data-element_type=\"section\" data-e-type=\"section\" data-settings=\"{&quot;background_background&quot;:&quot;classic&quot;}\">\n\t\t\t\t\t\t<div class=\"elementor-container elementor-column-gap-default\">\n\t\t\t\t\t<div class=\"aux-parallax-section elementor-column elementor-col-50 elementor-top-column elementor-element elementor-element-a8c86fd\" data-id=\"a8c86fd\" data-element_type=\"column\" data-e-type=\"column\" data-settings=\"{&quot;background_background&quot;:&quot;gradient&quot;}\">\n\t\t\t<div class=\"elementor-widget-wrap elementor-element-populated\">\n\t\t\t\t\t\t<div class=\"elementor-element elementor-element-81d0998 elementor-widget elementor-widget-aux_modern_heading\" data-id=\"81d0998\" data-element_type=\"widget\" data-e-type=\"widget\" data-widget_type=\"aux_modern_heading.default\">\n\t\t\t\t<div class=\"elementor-widget-container\">\n\t\t\t\t\t<section class=\"aux-widget-modern-heading\">\n            <div class=\"aux-widget-inner\"><h2 class=\"aux-modern-heading-primary\">Te\u010daj muharjenja na vodi<\/h2><div class=\"aux-modern-heading-description\"><p>Lekcije na vodi so izobra\u017eevalni te\u010daji, kjer izpopolnjujete znanje muharjenja.<\/p><p>Te\u010daj je me\u0161anica predstavitev in razprav, vaj in vodenega ribolova. Te\u010daj na vodi zajema vse, od muharskega meta, izbire pravega pribora, izdelave predvrvic in vozlov do izbire pravilne muhe in kako pravilno ravnati z ujeto ribo. Nau\u010dili se boste, kako loviti s suhimi muhami, nimfami in potezankami. Pokazali vam bomo na\u010dine, kako loviti postrvi v \u0161tevilnih razli\u010dnih scenarijih; majhni potoki, \u0161iroke reke, jezera ...<\/p><p><strong>Trajanje 8 ur<\/strong><\/p><p class=\"translation-block\"><strong><span style=\"text-decoration: underline\">Vsebina:<\/span><\/strong><br>\n- lekcije razli\u010dnih  muharskih metov<br>\n- lekcijo o muharskih vozlih<br>\n- lekcijo o izbiri pravilne opreme<br>\n- osnove muharske entomologije<br>\n- kako izbrati pravilno muho<br>\n- kako brati vodo<br>\n- kako ravnati z ujeto ribo<\/p><\/div><\/div>\n        <\/section>\t\t\t\t<\/div>\n\t\t\t\t<\/div>\n\t\t\t\t<div class=\"elementor-element elementor-element-037e944 elementor-widget elementor-widget-button\" data-id=\"037e944\" data-element_type=\"widget\" data-e-type=\"widget\" data-widget_type=\"button.default\">\n\t\t\t\t<div class=\"elementor-widget-container\">\n\t\t\t\t\t\t\t\t\t<div class=\"elementor-button-wrapper\">\n\t\t\t\t\t<a class=\"elementor-button elementor-button-link elementor-size-sm\" href=\"#elementor-action%3Aaction%3Dpopup%3Aopen%26settings%3DeyJpZCI6IjQ1MzgiLCJ0b2dnbGUiOmZhbHNlfQ%3D%3D\">\n\t\t\t\t\t\t<span class=\"elementor-button-content-wrapper\">\n\t\t\t\t\t\t\t\t\t<span class=\"elementor-button-text\">Cene<\/span>\n\t\t\t\t\t<\/span>\n\t\t\t\t\t<\/a>\n\t\t\t\t<\/div>\n\t\t\t\t\t\t\t\t<\/div>\n\t\t\t\t<\/div>\n\t\t\t\t\t<\/div>\n\t\t<\/div>\n\t\t\t\t<div class=\"aux-parallax-section elementor-column elementor-col-50 elementor-top-column elementor-element elementor-element-c67979d\" data-id=\"c67979d\" data-element_type=\"column\" data-e-type=\"column\" data-settings=\"{&quot;background_background&quot;:&quot;classic&quot;}\">\n\t\t\t<div class=\"elementor-widget-wrap elementor-element-populated\">\n\t\t\t\t\t<div class=\"elementor-background-overlay\"><\/div>\n\t\t\t\t\t\t<div class=\"elementor-element elementor-element-182eeab elementor-widget elementor-widget-aux_button\" data-id=\"182eeab\" data-element_type=\"widget\" data-e-type=\"widget\" data-widget_type=\"aux_button.default\">\n\t\t\t\t<div class=\"elementor-widget-container\">\n\t\t\t\t\t<a  href=\"https:\/\/socatrout.com\/sl\/contact-us\/\" target=\"_self\"   class=\"aux-button aux-medium aux-dark-orange aux-curve aux-none\" ><span class=\"aux-overlay\"><\/span><span class=\"aux-text\">Rezervirajte zdaj<\/span><\/a>\t\t\t\t<\/div>\n\t\t\t\t<\/div>\n\t\t\t\t\t<\/div>\n\t\t<\/div>\n\t\t\t\t\t<\/div>\n\t\t<\/section>\n\t\t\t\t<section class=\"elementor-section elementor-top-section elementor-element elementor-element-a40f437 elementor-section-boxed elementor-section-height-default elementor-section-height-default\" data-id=\"a40f437\" data-element_type=\"section\" data-e-type=\"section\">\n\t\t\t\t\t\t<div class=\"elementor-container elementor-column-gap-default\">\n\t\t\t\t\t<div class=\"aux-parallax-section elementor-column elementor-col-100 elementor-top-column elementor-element elementor-element-1ecdcd0\" data-id=\"1ecdcd0\" data-element_type=\"column\" data-e-type=\"column\">\n\t\t\t<div class=\"elementor-widget-wrap elementor-element-populated\">\n\t\t\t\t\t\t<div class=\"elementor-element elementor-element-0a63416 elementor-widget-divider--view-line elementor-widget elementor-widget-divider\" data-id=\"0a63416\" data-element_type=\"widget\" data-e-type=\"widget\" data-widget_type=\"divider.default\">\n\t\t\t\t<div class=\"elementor-widget-container\">\n\t\t\t\t\t\t\t<div class=\"elementor-divider\">\n\t\t\t<span class=\"elementor-divider-separator\">\n\t\t\t\t\t\t<\/span>\n\t\t<\/div>\n\t\t\t\t\t\t<\/div>\n\t\t\t\t<\/div>\n\t\t\t\t\t<\/div>\n\t\t<\/div>\n\t\t\t\t\t<\/div>\n\t\t<\/section>\n\t\t\t\t<section class=\"elementor-section elementor-top-section elementor-element elementor-element-00bba35 elementor-section-boxed elementor-section-height-default elementor-section-height-default\" data-id=\"00bba35\" data-element_type=\"section\" data-e-type=\"section\">\n\t\t\t\t\t\t<div class=\"elementor-container elementor-column-gap-default\">\n\t\t\t\t\t<div class=\"aux-parallax-section elementor-column elementor-col-100 elementor-top-column elementor-element elementor-element-56b4b6c\" data-id=\"56b4b6c\" data-element_type=\"column\" data-e-type=\"column\" data-settings=\"{&quot;background_background&quot;:&quot;gradient&quot;}\">\n\t\t\t<div class=\"elementor-widget-wrap elementor-element-populated\">\n\t\t\t\t\t\t<div class=\"elementor-element elementor-element-ed485f7 elementor-widget elementor-widget-aux_modern_heading\" data-id=\"ed485f7\" data-element_type=\"widget\" data-e-type=\"widget\" data-widget_type=\"aux_modern_heading.default\">\n\t\t\t\t<div class=\"elementor-widget-container\">\n\t\t\t\t\t<section class=\"aux-widget-modern-heading\">\n            <div class=\"aux-widget-inner\"><h2 class=\"aux-modern-heading-primary\">Preverite tudi <\/h2><h3 class=\"aux-modern-heading-secondary\"><span class=\"aux-head-before\">Ostalo muharsko ponudbo<\/span><\/h3><\/div>\n        <\/section>\t\t\t\t<\/div>\n\t\t\t\t<\/div>\n\t\t\t\t<section class=\"elementor-section elementor-inner-section elementor-element elementor-element-91004e5 elementor-section-boxed elementor-section-height-default elementor-section-height-default\" data-id=\"91004e5\" data-element_type=\"section\" data-e-type=\"section\">\n\t\t\t\t\t\t<div class=\"elementor-container elementor-column-gap-default\">\n\t\t\t\t\t<div class=\"aux-parallax-section elementor-column elementor-col-50 elementor-inner-column elementor-element elementor-element-8772b5f\" data-id=\"8772b5f\" data-element_type=\"column\" data-e-type=\"column\" data-settings=\"{&quot;background_background&quot;:&quot;classic&quot;}\">\n\t\t\t<div class=\"elementor-widget-wrap elementor-element-populated\">\n\t\t\t\t\t<div class=\"elementor-background-overlay\"><\/div>\n\t\t\t\t\t\t<div class=\"elementor-element elementor-element-0cd9a83 elementor-widget elementor-widget-aux_modern_heading\" data-id=\"0cd9a83\" data-element_type=\"widget\" data-e-type=\"widget\" data-widget_type=\"aux_modern_heading.default\">\n\t\t\t\t<div class=\"elementor-widget-container\">\n\t\t\t\t\t<section class=\"aux-widget-modern-heading\">\n            <div class=\"aux-widget-inner\"><h2 class=\"aux-modern-heading-primary\">Vodeni izleti<\/h2><\/div>\n        <\/section>\t\t\t\t<\/div>\n\t\t\t\t<\/div>\n\t\t\t\t<div class=\"elementor-element elementor-element-e0c998e elementor-widget elementor-widget-aux_button\" data-id=\"e0c998e\" data-element_type=\"widget\" data-e-type=\"widget\" data-widget_type=\"aux_button.default\">\n\t\t\t\t<div class=\"elementor-widget-container\">\n\t\t\t\t\t<a  href=\"https:\/\/socatrout.com\/sl\/guided-fly-fishing-trips\/\" target=\"_self\"   class=\"aux-button aux-medium aux-dark-orange aux-curve aux-none\" ><span class=\"aux-overlay\"><\/span><span class=\"aux-text\">Preveri<\/span><\/a>\t\t\t\t<\/div>\n\t\t\t\t<\/div>\n\t\t\t\t\t<\/div>\n\t\t<\/div>\n\t\t\t\t<div class=\"aux-parallax-section elementor-column elementor-col-50 elementor-inner-column elementor-element elementor-element-32f6ea9\" data-id=\"32f6ea9\" data-element_type=\"column\" data-e-type=\"column\" data-settings=\"{&quot;background_background&quot;:&quot;classic&quot;}\">\n\t\t\t<div class=\"elementor-widget-wrap elementor-element-populated\">\n\t\t\t\t\t<div class=\"elementor-background-overlay\"><\/div>\n\t\t\t\t\t\t<div class=\"elementor-element elementor-element-22e6eff elementor-widget elementor-widget-aux_modern_heading\" data-id=\"22e6eff\" data-element_type=\"widget\" data-e-type=\"widget\" data-widget_type=\"aux_modern_heading.default\">\n\t\t\t\t<div class=\"elementor-widget-container\">\n\t\t\t\t\t<section class=\"aux-widget-modern-heading\">\n            <div class=\"aux-widget-inner\"><h2 class=\"aux-modern-heading-primary\">Muharske po\u010ditnice<\/h2><\/div>\n        <\/section>\t\t\t\t<\/div>\n\t\t\t\t<\/div>\n\t\t\t\t<div class=\"elementor-element elementor-element-186ebd4 elementor-widget elementor-widget-aux_button\" data-id=\"186ebd4\" data-element_type=\"widget\" data-e-type=\"widget\" data-widget_type=\"aux_button.default\">\n\t\t\t\t<div class=\"elementor-widget-container\">\n\t\t\t\t\t<a  href=\"https:\/\/socatrout.com\/sl\/fly-fishing-vacation\/\" target=\"_self\"   class=\"aux-button aux-medium aux-dark-orange aux-curve aux-none\" ><span class=\"aux-overlay\"><\/span><span class=\"aux-text\">Preveri<\/span><\/a>\t\t\t\t<\/div>\n\t\t\t\t<\/div>\n\t\t\t\t\t<\/div>\n\t\t<\/div>\n\t\t\t\t\t<\/div>\n\t\t<\/section>\n\t\t\t\t\t<\/div>\n\t\t<\/div>\n\t\t\t\t\t<\/div>\n\t\t<\/section>\n\t\t\t\t<\/div>","protected":false},"excerpt":{"rendered":"<p>Fly fishing school Are you a complete beginner who would like to learn how to fly fish? Are you already an experienced fisherman who would like to perfect fly fishing technique and gain even more knowledge? So\u010da Trout has perfect fly fishing school for you. Take advantage of the pleasant environment to acquire new knowledge. [&hellip;]<\/p>\n","protected":false},"author":1,"featured_media":0,"parent":0,"menu_order":0,"comment_status":"closed","ping_status":"closed","template":"elementor_header_footer","meta":{"_monsterinsights_skip_tracking":false,"_monsterinsights_sitenote_active":false,"_monsterinsights_sitenote_note":"","_monsterinsights_sitenote_category":0,"footnotes":""},"class_list":["post-47","page","type-page","status-publish","hentry"],"yoast_head":"<!-- This site is optimized with the Yoast SEO plugin v27.4 - https:\/\/yoast.com\/product\/yoast-seo-wordpress\/ -->\n<title>Learn to fly fish - Socatrout Slovenia - Fly fishing school<\/title>\n<meta name=\"description\" content=\"So\u010da Trout has perfect fly fishing school for you. Take advantage of the pleasant environment to acquire new knowledge. Fly fishing lessons\" \/>\n<meta name=\"robots\" content=\"index, follow, max-snippet:-1, max-image-preview:large, max-video-preview:-1\" \/>\n<link rel=\"canonical\" href=\"https:\/\/socatrout.com\/sl\/fly-fishing-school\/\" \/>\n<meta property=\"og:locale\" content=\"sl_SI\" \/>\n<meta property=\"og:type\" content=\"article\" \/>\n<meta property=\"og:title\" content=\"Learn to fly fish - Socatrout Slovenia - Fly fishing school\" \/>\n<meta property=\"og:description\" content=\"So\u010da Trout has perfect fly fishing school for you. Take advantage of the pleasant environment to acquire new knowledge. Fly fishing lessons\" \/>\n<meta property=\"og:url\" content=\"https:\/\/socatrout.com\/sl\/fly-fishing-school\/\" \/>\n<meta property=\"og:site_name\" content=\"Socatrout\" \/>\n<meta property=\"article:publisher\" content=\"https:\/\/www.facebook.com\/socatrout.flyfishing\" \/>\n<meta property=\"article:modified_time\" content=\"2022-01-22T21:01:38+00:00\" \/>\n<meta property=\"og:image\" content=\"https:\/\/socatrout.com\/wp-content\/uploads\/2021\/03\/P1160877-2.jpg\" \/>\n<meta name=\"twitter:card\" content=\"summary_large_image\" \/>\n<meta name=\"twitter:label1\" content=\"Est. reading time\" \/>\n\t<meta name=\"twitter:data1\" content=\"2 minuti\" \/>\n<script type=\"application\/ld+json\" class=\"yoast-schema-graph\">{\"@context\":\"https:\\\/\\\/schema.org\",\"@graph\":[{\"@type\":\"WebPage\",\"@id\":\"https:\\\/\\\/socatrout.com\\\/fly-fishing-school\\\/\",\"url\":\"https:\\\/\\\/socatrout.com\\\/fly-fishing-school\\\/\",\"name\":\"Learn to fly fish - Socatrout Slovenia - Fly fishing school\",\"isPartOf\":{\"@id\":\"https:\\\/\\\/socatrout.com\\\/#website\"},\"primaryImageOfPage\":{\"@id\":\"https:\\\/\\\/socatrout.com\\\/fly-fishing-school\\\/#primaryimage\"},\"image\":{\"@id\":\"https:\\\/\\\/socatrout.com\\\/fly-fishing-school\\\/#primaryimage\"},\"thumbnailUrl\":\"https:\\\/\\\/socatrout.com\\\/wp-content\\\/uploads\\\/2021\\\/03\\\/P1160877-2.jpg\",\"datePublished\":\"2020-03-11T19:42:39+00:00\",\"dateModified\":\"2022-01-22T21:01:38+00:00\",\"description\":\"So\u010da Trout has perfect fly fishing school for you. Take advantage of the pleasant environment to acquire new knowledge. Fly fishing lessons\",\"breadcrumb\":{\"@id\":\"https:\\\/\\\/socatrout.com\\\/fly-fishing-school\\\/#breadcrumb\"},\"inLanguage\":\"sl-SI\",\"potentialAction\":[{\"@type\":\"ReadAction\",\"target\":[\"https:\\\/\\\/socatrout.com\\\/fly-fishing-school\\\/\"]}]},{\"@type\":\"ImageObject\",\"inLanguage\":\"sl-SI\",\"@id\":\"https:\\\/\\\/socatrout.com\\\/fly-fishing-school\\\/#primaryimage\",\"url\":\"https:\\\/\\\/socatrout.com\\\/wp-content\\\/uploads\\\/2021\\\/03\\\/P1160877-2.jpg\",\"contentUrl\":\"https:\\\/\\\/socatrout.com\\\/wp-content\\\/uploads\\\/2021\\\/03\\\/P1160877-2.jpg\"},{\"@type\":\"BreadcrumbList\",\"@id\":\"https:\\\/\\\/socatrout.com\\\/fly-fishing-school\\\/#breadcrumb\",\"itemListElement\":[{\"@type\":\"ListItem\",\"position\":1,\"name\":\"Home\",\"item\":\"https:\\\/\\\/socatrout.com\\\/\"},{\"@type\":\"ListItem\",\"position\":2,\"name\":\"Learn to fly fish\"}]},{\"@type\":\"WebSite\",\"@id\":\"https:\\\/\\\/socatrout.com\\\/#website\",\"url\":\"https:\\\/\\\/socatrout.com\\\/\",\"name\":\"socatrout\",\"description\":\"Fly fishing Slovenia\",\"publisher\":{\"@id\":\"https:\\\/\\\/socatrout.com\\\/#organization\"},\"potentialAction\":[{\"@type\":\"SearchAction\",\"target\":{\"@type\":\"EntryPoint\",\"urlTemplate\":\"https:\\\/\\\/socatrout.com\\\/?s={search_term_string}\"},\"query-input\":{\"@type\":\"PropertyValueSpecification\",\"valueRequired\":true,\"valueName\":\"search_term_string\"}}],\"inLanguage\":\"sl-SI\"},{\"@type\":\"Organization\",\"@id\":\"https:\\\/\\\/socatrout.com\\\/#organization\",\"name\":\"So\u010da trout Fly fishing\",\"url\":\"https:\\\/\\\/socatrout.com\\\/\",\"logo\":{\"@type\":\"ImageObject\",\"inLanguage\":\"sl-SI\",\"@id\":\"https:\\\/\\\/socatrout.com\\\/#\\\/schema\\\/logo\\\/image\\\/\",\"url\":\"https:\\\/\\\/socatrout.com\\\/wp-content\\\/uploads\\\/2021\\\/02\\\/Soca-Trout-flyfishing-logo-2021-01-2.png\",\"contentUrl\":\"https:\\\/\\\/socatrout.com\\\/wp-content\\\/uploads\\\/2021\\\/02\\\/Soca-Trout-flyfishing-logo-2021-01-2.png\",\"width\":2111,\"height\":1543,\"caption\":\"So\u010da trout Fly fishing\"},\"image\":{\"@id\":\"https:\\\/\\\/socatrout.com\\\/#\\\/schema\\\/logo\\\/image\\\/\"},\"sameAs\":[\"https:\\\/\\\/www.facebook.com\\\/socatrout.flyfishing\",\"https:\\\/\\\/www.instagram.com\\\/socatrout.flyfishing\\\/\",\"https:\\\/\\\/www.youtube.com\\\/channel\\\/UCw4-v9FXj7inSGD9Z-Geyow\"]}]}<\/script>\n<!-- \/ Yoast SEO plugin. -->","yoast_head_json":{"title":"Learn to fly fish - Socatrout Slovenia - Fly fishing school","description":"So\u010da Trout has perfect fly fishing school for you. Take advantage of the pleasant environment to acquire new knowledge. Fly fishing lessons","robots":{"index":"index","follow":"follow","max-snippet":"max-snippet:-1","max-image-preview":"max-image-preview:large","max-video-preview":"max-video-preview:-1"},"canonical":"https:\/\/socatrout.com\/sl\/fly-fishing-school\/","og_locale":"sl_SI","og_type":"article","og_title":"Learn to fly fish - Socatrout Slovenia - Fly fishing school","og_description":"So\u010da Trout has perfect fly fishing school for you. Take advantage of the pleasant environment to acquire new knowledge. Fly fishing lessons","og_url":"https:\/\/socatrout.com\/sl\/fly-fishing-school\/","og_site_name":"Socatrout","article_publisher":"https:\/\/www.facebook.com\/socatrout.flyfishing","article_modified_time":"2022-01-22T21:01:38+00:00","og_image":[{"url":"https:\/\/socatrout.com\/wp-content\/uploads\/2021\/03\/P1160877-2.jpg","type":"","width":"","height":""}],"twitter_card":"summary_large_image","twitter_misc":{"Est. reading time":"2 minuti"},"schema":{"@context":"https:\/\/schema.org","@graph":[{"@type":"WebPage","@id":"https:\/\/socatrout.com\/fly-fishing-school\/","url":"https:\/\/socatrout.com\/fly-fishing-school\/","name":"Learn to fly fish - Socatrout Slovenia - Fly fishing school","isPartOf":{"@id":"https:\/\/socatrout.com\/#website"},"primaryImageOfPage":{"@id":"https:\/\/socatrout.com\/fly-fishing-school\/#primaryimage"},"image":{"@id":"https:\/\/socatrout.com\/fly-fishing-school\/#primaryimage"},"thumbnailUrl":"https:\/\/socatrout.com\/wp-content\/uploads\/2021\/03\/P1160877-2.jpg","datePublished":"2020-03-11T19:42:39+00:00","dateModified":"2022-01-22T21:01:38+00:00","description":"So\u010da Trout has perfect fly fishing school for you. Take advantage of the pleasant environment to acquire new knowledge. Fly fishing lessons","breadcrumb":{"@id":"https:\/\/socatrout.com\/fly-fishing-school\/#breadcrumb"},"inLanguage":"sl-SI","potentialAction":[{"@type":"ReadAction","target":["https:\/\/socatrout.com\/fly-fishing-school\/"]}]},{"@type":"ImageObject","inLanguage":"sl-SI","@id":"https:\/\/socatrout.com\/fly-fishing-school\/#primaryimage","url":"https:\/\/socatrout.com\/wp-content\/uploads\/2021\/03\/P1160877-2.jpg","contentUrl":"https:\/\/socatrout.com\/wp-content\/uploads\/2021\/03\/P1160877-2.jpg"},{"@type":"BreadcrumbList","@id":"https:\/\/socatrout.com\/fly-fishing-school\/#breadcrumb","itemListElement":[{"@type":"ListItem","position":1,"name":"Home","item":"https:\/\/socatrout.com\/"},{"@type":"ListItem","position":2,"name":"Learn to fly fish"}]},{"@type":"WebSite","@id":"https:\/\/socatrout.com\/#website","url":"https:\/\/socatrout.com\/","name":"socatrout","description":"Fly fishing Slovenia","publisher":{"@id":"https:\/\/socatrout.com\/#organization"},"potentialAction":[{"@type":"SearchAction","target":{"@type":"EntryPoint","urlTemplate":"https:\/\/socatrout.com\/?s={search_term_string}"},"query-input":{"@type":"PropertyValueSpecification","valueRequired":true,"valueName":"search_term_string"}}],"inLanguage":"sl-SI"},{"@type":"Organization","@id":"https:\/\/socatrout.com\/#organization","name":"So\u010da trout Fly fishing","url":"https:\/\/socatrout.com\/","logo":{"@type":"ImageObject","inLanguage":"sl-SI","@id":"https:\/\/socatrout.com\/#\/schema\/logo\/image\/","url":"https:\/\/socatrout.com\/wp-content\/uploads\/2021\/02\/Soca-Trout-flyfishing-logo-2021-01-2.png","contentUrl":"https:\/\/socatrout.com\/wp-content\/uploads\/2021\/02\/Soca-Trout-flyfishing-logo-2021-01-2.png","width":2111,"height":1543,"caption":"So\u010da trout Fly fishing"},"image":{"@id":"https:\/\/socatrout.com\/#\/schema\/logo\/image\/"},"sameAs":["https:\/\/www.facebook.com\/socatrout.flyfishing","https:\/\/www.instagram.com\/socatrout.flyfishing\/","https:\/\/www.youtube.com\/channel\/UCw4-v9FXj7inSGD9Z-Geyow"]}]}},"_links":{"self":[{"href":"https:\/\/socatrout.com\/sl\/wp-json\/wp\/v2\/pages\/47","targetHints":{"allow":["GET"]}}],"collection":[{"href":"https:\/\/socatrout.com\/sl\/wp-json\/wp\/v2\/pages"}],"about":[{"href":"https:\/\/socatrout.com\/sl\/wp-json\/wp\/v2\/types\/page"}],"author":[{"embeddable":true,"href":"https:\/\/socatrout.com\/sl\/wp-json\/wp\/v2\/users\/1"}],"replies":[{"embeddable":true,"href":"https:\/\/socatrout.com\/sl\/wp-json\/wp\/v2\/comments?post=47"}],"version-history":[{"count":299,"href":"https:\/\/socatrout.com\/sl\/wp-json\/wp\/v2\/pages\/47\/revisions"}],"predecessor-version":[{"id":5416,"href":"https:\/\/socatrout.com\/sl\/wp-json\/wp\/v2\/pages\/47\/revisions\/5416"}],"wp:attachment":[{"href":"https:\/\/socatrout.com\/sl\/wp-json\/wp\/v2\/media?parent=47"}],"curies":[{"name":"wp","href":"https:\/\/api.w.org\/{rel}","templated":true}]}}