{"id":54,"date":"2019-10-28T16:00:47","date_gmt":"2019-10-28T15:00:47","guid":{"rendered":"https:\/\/socatrout.com\/contact-us\/"},"modified":"2025-07-27T11:00:27","modified_gmt":"2025-07-27T09:00:27","slug":"contact-us","status":"publish","type":"page","link":"https:\/\/socatrout.com\/sl\/contact-us\/","title":{"rendered":"Kontakt"},"content":{"rendered":"<div data-elementor-type=\"wp-page\" data-elementor-id=\"54\" class=\"elementor elementor-54\" data-elementor-post-type=\"page\">\n\t\t\t\t\t\t<section class=\"elementor-section elementor-top-section elementor-element elementor-element-369a625 elementor-section-boxed elementor-section-height-default elementor-section-height-default\" data-id=\"369a625\" data-element_type=\"section\" data-e-type=\"section\" data-settings=\"{&quot;background_background&quot;:&quot;classic&quot;}\">\n\t\t\t\t\t\t<div class=\"elementor-container elementor-column-gap-default\">\n\t\t\t\t\t<div class=\"aux-parallax-section elementor-column elementor-col-100 elementor-top-column elementor-element elementor-element-880ab3d\" data-id=\"880ab3d\" data-element_type=\"column\" data-e-type=\"column\">\n\t\t\t<div class=\"elementor-widget-wrap\">\n\t\t\t\t\t\t\t<\/div>\n\t\t<\/div>\n\t\t\t\t\t<\/div>\n\t\t<\/section>\n\t\t\t\t<section class=\"elementor-section elementor-top-section elementor-element elementor-element-ec1a417 elementor-section-boxed elementor-section-height-default elementor-section-height-default\" data-id=\"ec1a417\" data-element_type=\"section\" data-e-type=\"section\">\n\t\t\t\t\t\t<div class=\"elementor-container elementor-column-gap-default\">\n\t\t\t\t\t<div class=\"aux-parallax-section elementor-column elementor-col-100 elementor-top-column elementor-element elementor-element-d6ba34a\" data-id=\"d6ba34a\" data-element_type=\"column\" data-e-type=\"column\">\n\t\t\t<div class=\"elementor-widget-wrap elementor-element-populated\">\n\t\t\t\t\t\t<div class=\"elementor-element elementor-element-a8ba778 elementor-widget elementor-widget-aux_image\" data-id=\"a8ba778\" data-element_type=\"widget\" data-e-type=\"widget\" data-widget_type=\"aux_image.default\">\n\t\t\t\t<div class=\"elementor-widget-container\">\n\t\t\t\t\t<section class=\"widget-container aux-widget-image aux-alignnone aux-parent-au07c45224\">\n    <div class=\"aux-media-hint-frame\">\n        <div class=\"aux-media-image\" >\n        \n            \n\n            \n            <img fetchpriority=\"high\" decoding=\"async\" width=\"2000\" height=\"1000\" src=\"https:\/\/socatrout.com\/wp-content\/uploads\/2022\/12\/P1240956-2-scaled-5000x1000.jpg\" class=\"aux-attachment aux-featured-image aux-attachment-id-5525\" alt=\"P1240956 (2)\" srcset=\"https:\/\/socatrout.com\/wp-content\/uploads\/2022\/12\/P1240956-2-scaled-300x60.jpg 300w,https:\/\/socatrout.com\/wp-content\/uploads\/2022\/12\/P1240956-2-scaled-800x160.jpg 800w,https:\/\/socatrout.com\/wp-content\/uploads\/2022\/12\/P1240956-2-scaled-768x154.jpg 768w,https:\/\/socatrout.com\/wp-content\/uploads\/2022\/12\/P1240956-2-scaled-1024x205.jpg 1024w,https:\/\/socatrout.com\/wp-content\/uploads\/2022\/12\/P1240956-2-scaled-5000x1000.jpg 2000w\" data-ratio=\"5\" data-original-w=\"2000\" sizes=\"(max-width:479px) 480px,(max-width:767px) 768px,(max-width:1023px) 1024px,2000px\" \/>            \n                <\/div>\n    <\/div>\n\n<\/section><!-- widget-container -->\t\t\t\t<\/div>\n\t\t\t\t<\/div>\n\t\t\t\t\t<\/div>\n\t\t<\/div>\n\t\t\t\t\t<\/div>\n\t\t<\/section>\n\t\t\t\t<section class=\"elementor-section elementor-top-section elementor-element elementor-element-a490094 elementor-section-boxed elementor-section-height-default elementor-section-height-default\" data-id=\"a490094\" data-element_type=\"section\" data-e-type=\"section\" data-settings=\"{&quot;background_background&quot;:&quot;gradient&quot;}\">\n\t\t\t\t\t\t<div class=\"elementor-container elementor-column-gap-default\">\n\t\t\t\t\t<div class=\"aux-parallax-section elementor-column elementor-col-50 elementor-top-column elementor-element elementor-element-5de2b19\" data-id=\"5de2b19\" data-element_type=\"column\" data-e-type=\"column\" data-settings=\"{&quot;background_background&quot;:&quot;gradient&quot;}\">\n\t\t\t<div class=\"elementor-widget-wrap elementor-element-populated\">\n\t\t\t\t\t\t<div class=\"elementor-element elementor-element-584ca4d elementor-widget elementor-widget-aux_modern_heading\" data-id=\"584ca4d\" data-element_type=\"widget\" data-e-type=\"widget\" data-widget_type=\"aux_modern_heading.default\">\n\t\t\t\t<div class=\"elementor-widget-container\">\n\t\t\t\t\t<section class=\"aux-widget-modern-heading\">\n            <div class=\"aux-widget-inner\"><h2 class=\"aux-modern-heading-primary\">Rezervirajte zdaj<\/h2><div class=\"aux-modern-heading-description\"><p>Prosim izpolnite spodnji obrazec<\/p><\/div><\/div>\n        <\/section>\t\t\t\t<\/div>\n\t\t\t\t<\/div>\n\t\t\t\t<div class=\"elementor-element elementor-element-35bf4d6 elementor-widget elementor-widget-shortcode\" data-id=\"35bf4d6\" data-element_type=\"widget\" data-e-type=\"widget\" data-widget_type=\"shortcode.default\">\n\t\t\t\t<div class=\"elementor-widget-container\">\n\t\t\t\t\t\t\t<div class=\"elementor-shortcode\">\n<div class=\"wpcf7 no-js\" id=\"wpcf7-f8-o1\" lang=\"sl-SI\" dir=\"ltr\" data-wpcf7-id=\"8\">\n<div class=\"screen-reader-response\"><p role=\"status\" aria-live=\"polite\" aria-atomic=\"true\"><\/p> <ul><\/ul><\/div>\n<form action=\"\/sl\/wp-json\/wp\/v2\/pages\/54#wpcf7-f8-o1\" method=\"post\" class=\"wpcf7-form init\" aria-label=\"Kontaktni obrazec\" novalidate=\"novalidate\" data-status=\"init\" data-trp-original-action=\"\/sl\/wp-json\/wp\/v2\/pages\/54#wpcf7-f8-o1\">\n<fieldset class=\"hidden-fields-container\"><input type=\"hidden\" name=\"_wpcf7\" value=\"8\" \/><input type=\"hidden\" name=\"_wpcf7_version\" value=\"6.1.5\" \/><input type=\"hidden\" name=\"_wpcf7_locale\" value=\"sl_SI\" \/><input type=\"hidden\" name=\"_wpcf7_unit_tag\" value=\"wpcf7-f8-o1\" \/><input type=\"hidden\" name=\"_wpcf7_container_post\" value=\"0\" \/><input type=\"hidden\" name=\"_wpcf7_posted_data_hash\" value=\"\" \/><input type=\"hidden\" name=\"_wpcf7_recaptcha_response\" value=\"\" \/>\n<\/fieldset>\n<p><span class=\"wpcf7-form-control-wrap\" data-name=\"nameandsurname\"><input size=\"40\" maxlength=\"400\" class=\"wpcf7-form-control wpcf7-text wpcf7-validates-as-required\" aria-required=\"true\" aria-invalid=\"false\" placeholder=\"ime in priimek\" value=\"\" type=\"text\" name=\"nameandsurname\" \/><\/span><br \/>\n<span class=\"wpcf7-form-control-wrap\" data-name=\"email\"><input size=\"40\" maxlength=\"400\" class=\"wpcf7-form-control wpcf7-email wpcf7-validates-as-required wpcf7-text wpcf7-validates-as-email\" aria-required=\"true\" aria-invalid=\"false\" placeholder=\"e-mail naslov\" value=\"\" type=\"email\" name=\"email\" \/><\/span><br \/>\n<span class=\"wpcf7-form-control-wrap\" data-name=\"phone\"><input size=\"40\" maxlength=\"400\" class=\"wpcf7-form-control wpcf7-text\" aria-invalid=\"false\" placeholder=\"telefonska \u0161tevilka\" value=\"\" type=\"text\" name=\"phone\" \/><\/span><br \/>\nIzberite \u017eeleno aktivnost<br \/>\n<span class=\"wpcf7-form-control-wrap\" data-name=\"chooseyouractivity\"><span class=\"wpcf7-form-control wpcf7-radio\"><span class=\"wpcf7-list-item first\"><label><input type=\"radio\" name=\"chooseyouractivity\" value=\"full day trip\" \/><span class=\"wpcf7-list-item-label\">Celodnevni izlet<\/span><\/label><\/span><span class=\"wpcf7-list-item\"><label><input type=\"radio\" name=\"chooseyouractivity\" value=\"half day trip\" \/><span class=\"wpcf7-list-item-label\">Poldnevni izlet<\/span><\/label><\/span><span class=\"wpcf7-list-item\"><label><input type=\"radio\" name=\"chooseyouractivity\" value=\"wild canyon trip\" \/><span class=\"wpcf7-list-item-label\">Izlet v divji kanjon<\/span><\/label><\/span><span class=\"wpcf7-list-item\"><label><input type=\"radio\" name=\"chooseyouractivity\" value=\"hucho fishing\" \/><span class=\"wpcf7-list-item-label\">hucho fishing<\/span><\/label><\/span><span class=\"wpcf7-list-item\"><label><input type=\"radio\" name=\"chooseyouractivity\" value=\"custom holidays\" \/><span class=\"wpcf7-list-item-label\">Po\u010ditnice po meri<\/span><\/label><\/span><span class=\"wpcf7-list-item\"><label><input type=\"radio\" name=\"chooseyouractivity\" value=\"casting lessons\" \/><span class=\"wpcf7-list-item-label\">Te\u010daj muharskega meta<\/span><\/label><\/span><span class=\"wpcf7-list-item\"><label><input type=\"radio\" name=\"chooseyouractivity\" value=\"on the water lessons\" \/><span class=\"wpcf7-list-item-label\">Te\u010daj muharjenja<\/span><\/label><\/span><span class=\"wpcf7-list-item last\"><label><input type=\"radio\" name=\"chooseyouractivity\" value=\"other questions\" \/><span class=\"wpcf7-list-item-label\">Druga vpra\u0161anja<\/span><\/label><\/span><\/span><\/span><br \/>\n\u0160tevilo oseb<br \/>\n<span class=\"wpcf7-form-control-wrap\" data-name=\"persons\"><span class=\"wpcf7-form-control wpcf7-radio\"><span class=\"wpcf7-list-item first\"><label><input type=\"radio\" name=\"persons\" value=\"1\" \/><span class=\"wpcf7-list-item-label\">1<\/span><\/label><\/span><span class=\"wpcf7-list-item\"><label><input type=\"radio\" name=\"persons\" value=\"2\" \/><span class=\"wpcf7-list-item-label\">2<\/span><\/label><\/span><span class=\"wpcf7-list-item last\"><label><input type=\"radio\" name=\"persons\" value=\"3\" \/><span class=\"wpcf7-list-item-label\">3<\/span><\/label><\/span><\/span><\/span><br \/>\nIzberite datum aktivnosti<br \/>\nOd:<br \/>\n<span class=\"wpcf7-form-control-wrap\" data-name=\"date\"><input class=\"wpcf7-form-control wpcf7-date wpcf7-validates-as-date\" min=\"2022-04-01\" max=\"2030-11-01\" aria-invalid=\"false\" placeholder=\"date from\" value=\"\" type=\"date\" name=\"date\" \/><\/span><br \/>\nDo:<br \/>\n<span class=\"wpcf7-form-control-wrap\" data-name=\"date2\"><input class=\"wpcf7-form-control wpcf7-date wpcf7-validates-as-date\" min=\"2021-04-01\" max=\"2030-11-01\" aria-invalid=\"false\" value=\"date to\" type=\"date\" name=\"date2\" \/><\/span><br \/>\n<span class=\"wpcf7-form-control-wrap\" data-name=\"sporocilo\"><textarea cols=\"40\" rows=\"10\" maxlength=\"2000\" class=\"wpcf7-form-control wpcf7-textarea\" aria-invalid=\"false\" placeholder=\"Sporo\u010dilo\" name=\"sporocilo\"><\/textarea><\/span><br \/>\n<span class=\"wpcf7-form-control-wrap\" data-name=\"gdpr\"><span class=\"wpcf7-form-control wpcf7-acceptance\"><span class=\"wpcf7-list-item\"><label><input type=\"checkbox\" name=\"gdpr\" value=\"1\" aria-invalid=\"false\" \/><span class=\"wpcf7-list-item-label\">Strinjam se z <a href=\"https:\/\/socatrout.com\/sl\/gdpr\/\"><a href=\"https:\/\/socatrout.com\/sl\/gdpr\/\">izjavo o zasebnosti<a \/><a\/><\/span><\/label><\/span><\/span><\/span><br \/>\n<input class=\"wpcf7-form-control wpcf7-submit has-spinner\" type=\"submit\" value=\"Send\" \/>\n<\/p><p style=\"display: none !important;\" class=\"akismet-fields-container\" data-prefix=\"_wpcf7_ak_\"><label>&#916;<textarea name=\"_wpcf7_ak_hp_textarea\" cols=\"45\" rows=\"8\" maxlength=\"100\"><\/textarea><\/label><input type=\"hidden\" id=\"ak_js_1\" name=\"_wpcf7_ak_js\" value=\"20\"\/><script>\ndocument.getElementById( \"ak_js_1\" ).setAttribute( \"value\", ( new Date() ).getTime() );\n<\/script>\n<\/p><div class=\"wpcf7-response-output\" aria-hidden=\"true\"><\/div>\n<input type=\"hidden\" name=\"trp-form-language\" value=\"sl\"\/><\/form>\n<\/div>\n<\/div>\n\t\t\t\t\t\t<\/div>\n\t\t\t\t<\/div>\n\t\t\t\t\t<\/div>\n\t\t<\/div>\n\t\t\t\t<div class=\"aux-parallax-section elementor-column elementor-col-50 elementor-top-column elementor-element elementor-element-bf984f7\" data-id=\"bf984f7\" data-element_type=\"column\" data-e-type=\"column\" data-settings=\"{&quot;background_background&quot;:&quot;gradient&quot;}\">\n\t\t\t<div class=\"elementor-widget-wrap elementor-element-populated\">\n\t\t\t\t\t\t<div class=\"elementor-element elementor-element-6002f05 elementor-widget elementor-widget-spacer\" data-id=\"6002f05\" data-element_type=\"widget\" data-e-type=\"widget\" data-widget_type=\"spacer.default\">\n\t\t\t\t<div class=\"elementor-widget-container\">\n\t\t\t\t\t\t\t<div class=\"elementor-spacer\">\n\t\t\t<div class=\"elementor-spacer-inner\"><\/div>\n\t\t<\/div>\n\t\t\t\t\t\t<\/div>\n\t\t\t\t<\/div>\n\t\t\t\t<div class=\"elementor-element elementor-element-253092b elementor-widget elementor-widget-text-editor\" data-id=\"253092b\" data-element_type=\"widget\" data-e-type=\"widget\" data-widget_type=\"text-editor.default\">\n\t\t\t\t<div class=\"elementor-widget-container\">\n\t\t\t\t\t\t\t\t\t<p class=\"translation-block\">Za rezervacijo prosim izpolnite obrazec, odgovorili vam bomo v najkraj\u0161em mo\u017enem \u010dasu. Potrditev rezervacije boste prejeli po email po\u0161ti, po tem ko bomo preverili razpolo\u017eljivost izbranih datumov.\n\u010ce imate kakr\u0161na koli vpra\u0161anja, nam lahko pi\u0161ete tudi e-mail ali nas pokli\u010dete, veseli bomo kakr\u0161nega koli va\u0161ega kontakta.<\/p>\t\t\t\t\t\t\t\t<\/div>\n\t\t\t\t<\/div>\n\t\t\t\t<div class=\"elementor-element elementor-element-6dd279e elementor-widget elementor-widget-heading\" data-id=\"6dd279e\" data-element_type=\"widget\" data-e-type=\"widget\" data-widget_type=\"heading.default\">\n\t\t\t\t<div class=\"elementor-widget-container\">\n\t\t\t\t\t<h2 class=\"elementor-heading-title elementor-size-medium\">Kontakt<\/h2>\t\t\t\t<\/div>\n\t\t\t\t<\/div>\n\t\t\t\t<div class=\"elementor-element elementor-element-7a5e002 elementor-align-start elementor-list-item-link-inline elementor-icon-list--layout-traditional elementor-widget elementor-widget-icon-list\" data-id=\"7a5e002\" data-element_type=\"widget\" data-e-type=\"widget\" data-widget_type=\"icon-list.default\">\n\t\t\t\t<div class=\"elementor-widget-container\">\n\t\t\t\t\t\t\t<ul class=\"elementor-icon-list-items\">\n\t\t\t\t\t\t\t<li class=\"elementor-icon-list-item\">\n\t\t\t\t\t\t\t\t\t\t\t<a href=\"https:\/\/www.google.com\/maps\/place\/Brdo+63,+5230+Bovec\/@46.3349694,13.5469379,17z\/data=!3m1!4b1!4m6!3m5!1s0x477a681be6c6f27f:0x60489256f36afd0b!8m2!3d46.3349657!4d13.5495128!16s%2Fg%2F11rg68pbf5?entry=ttu&#038;g_ep=EgoyMDI1MDcyMy4wIKXMDSoASAFQAw%3D%3D\" target=\"_blank\">\n\n\t\t\t\t\t\t\t\t\t\t\t\t<span class=\"elementor-icon-list-icon\">\n\t\t\t\t\t\t\t<i aria-hidden=\"true\" class=\"fas fa-globe-africa\"><\/i>\t\t\t\t\t\t<\/span>\n\t\t\t\t\t\t\t\t\t\t<span class=\"elementor-icon-list-text\">Brdo 63, Bovec<\/span>\n\t\t\t\t\t\t\t\t\t\t\t<\/a>\n\t\t\t\t\t\t\t\t\t<\/li>\n\t\t\t\t\t\t\t\t<li class=\"elementor-icon-list-item\">\n\t\t\t\t\t\t\t\t\t\t\t<a href=\"mailto:info@socatrout.com\">\n\n\t\t\t\t\t\t\t\t\t\t\t\t<span class=\"elementor-icon-list-icon\">\n\t\t\t\t\t\t\t<i aria-hidden=\"true\" class=\"far fa-envelope\"><\/i>\t\t\t\t\t\t<\/span>\n\t\t\t\t\t\t\t\t\t\t<span class=\"elementor-icon-list-text\">info@socatrout.com<\/span>\n\t\t\t\t\t\t\t\t\t\t\t<\/a>\n\t\t\t\t\t\t\t\t\t<\/li>\n\t\t\t\t\t\t\t\t<li class=\"elementor-icon-list-item\">\n\t\t\t\t\t\t\t\t\t\t\t<a href=\"tel:0038641231650\">\n\n\t\t\t\t\t\t\t\t\t\t\t\t<span class=\"elementor-icon-list-icon\">\n\t\t\t\t\t\t\t<i aria-hidden=\"true\" class=\"fas fa-mobile-alt\"><\/i>\t\t\t\t\t\t<\/span>\n\t\t\t\t\t\t\t\t\t\t<span class=\"elementor-icon-list-text\">00386 41 231 650<\/span>\n\t\t\t\t\t\t\t\t\t\t\t<\/a>\n\t\t\t\t\t\t\t\t\t<\/li>\n\t\t\t\t\t\t\t\t<li class=\"elementor-icon-list-item\">\n\t\t\t\t\t\t\t\t\t\t\t<a href=\"tel:0038631452007\">\n\n\t\t\t\t\t\t\t\t\t\t\t\t<span class=\"elementor-icon-list-icon\">\n\t\t\t\t\t\t\t<i aria-hidden=\"true\" class=\"fas fa-mobile-alt\"><\/i>\t\t\t\t\t\t<\/span>\n\t\t\t\t\t\t\t\t\t\t<span class=\"elementor-icon-list-text\">00386 31 452 007<\/span>\n\t\t\t\t\t\t\t\t\t\t\t<\/a>\n\t\t\t\t\t\t\t\t\t<\/li>\n\t\t\t\t\t\t<\/ul>\n\t\t\t\t\t\t<\/div>\n\t\t\t\t<\/div>\n\t\t\t\t<div class=\"elementor-element elementor-element-a88d3c8 elementor-widget elementor-widget-google_maps\" data-id=\"a88d3c8\" data-element_type=\"widget\" data-e-type=\"widget\" data-widget_type=\"google_maps.default\">\n\t\t\t\t<div class=\"elementor-widget-container\">\n\t\t\t\t\t\t\t<div class=\"elementor-custom-embed\">\n\t\t\t<iframe loading=\"lazy\"\n\t\t\t\t\tsrc=\"https:\/\/maps.google.com\/maps?q=brdo%2063%2C%20bovec&#038;t=m&#038;z=14&#038;output=embed&#038;iwloc=near\"\n\t\t\t\t\ttitle=\"brdo 63, bovec\"\n\t\t\t\t\taria-label=\"brdo 63, bovec\"\n\t\t\t><\/iframe>\n\t\t<\/div>\n\t\t\t\t\t\t<\/div>\n\t\t\t\t<\/div>\n\t\t\t\t\t<\/div>\n\t\t<\/div>\n\t\t\t\t\t<\/div>\n\t\t<\/section>\n\t\t\t\t<\/div>","protected":false},"excerpt":{"rendered":"<p>Book now Please fill out the form below Please fill out the form to make a reservation, we will reply as soon as possible. After we check and confirm the availability of the selected dates, a booking confirmation will be sent to you by email.If you have any questions, you can either email or call [&hellip;]<\/p>\n","protected":false},"author":1,"featured_media":0,"parent":0,"menu_order":0,"comment_status":"closed","ping_status":"closed","template":"templates\/page-builder-content.php","meta":{"_monsterinsights_skip_tracking":false,"_monsterinsights_sitenote_active":false,"_monsterinsights_sitenote_note":"","_monsterinsights_sitenote_category":0,"footnotes":""},"class_list":["post-54","page","type-page","status-publish","hentry"],"yoast_head":"<!-- This site is optimized with the Yoast SEO plugin v27.6 - https:\/\/yoast.com\/product\/yoast-seo-wordpress\/ -->\n<title>Contact Us - Socatrout<\/title>\n<meta name=\"robots\" content=\"index, follow, max-snippet:-1, max-image-preview:large, max-video-preview:-1\" \/>\n<link rel=\"canonical\" href=\"https:\/\/socatrout.com\/sl\/contact-us\/\" \/>\n<meta property=\"og:locale\" content=\"sl_SI\" \/>\n<meta property=\"og:type\" content=\"article\" \/>\n<meta property=\"og:title\" content=\"Contact Us - Socatrout\" \/>\n<meta property=\"og:description\" content=\"Book now Please fill out the form below Please fill out the form to make a reservation, we will reply as soon as possible. After we check and confirm the availability of the selected dates, a booking confirmation will be sent to you by email.If you have any questions, you can either email or call [&hellip;]\" \/>\n<meta property=\"og:url\" content=\"https:\/\/socatrout.com\/sl\/contact-us\/\" \/>\n<meta property=\"og:site_name\" content=\"Socatrout\" \/>\n<meta property=\"article:publisher\" content=\"https:\/\/www.facebook.com\/socatrout.flyfishing\" \/>\n<meta property=\"article:modified_time\" content=\"2025-07-27T09:00:27+00:00\" \/>\n<meta property=\"og:image\" content=\"https:\/\/socatrout.com\/wp-content\/uploads\/2022\/12\/P1240956-2-scaled-5000x1000.jpg\" \/>\n<meta name=\"twitter:card\" content=\"summary_large_image\" \/>\n<meta name=\"twitter:label1\" content=\"Est. reading time\" \/>\n\t<meta name=\"twitter:data1\" content=\"1 minuta\" \/>\n<script type=\"application\/ld+json\" class=\"yoast-schema-graph\">{\"@context\":\"https:\\\/\\\/schema.org\",\"@graph\":[{\"@type\":\"WebPage\",\"@id\":\"https:\\\/\\\/socatrout.com\\\/contact-us\\\/\",\"url\":\"https:\\\/\\\/socatrout.com\\\/contact-us\\\/\",\"name\":\"Contact Us - Socatrout\",\"isPartOf\":{\"@id\":\"https:\\\/\\\/socatrout.com\\\/#website\"},\"primaryImageOfPage\":{\"@id\":\"https:\\\/\\\/socatrout.com\\\/contact-us\\\/#primaryimage\"},\"image\":{\"@id\":\"https:\\\/\\\/socatrout.com\\\/contact-us\\\/#primaryimage\"},\"thumbnailUrl\":\"https:\\\/\\\/socatrout.com\\\/wp-content\\\/uploads\\\/2022\\\/12\\\/P1240956-2-scaled-5000x1000.jpg\",\"datePublished\":\"2019-10-28T15:00:47+00:00\",\"dateModified\":\"2025-07-27T09:00:27+00:00\",\"breadcrumb\":{\"@id\":\"https:\\\/\\\/socatrout.com\\\/contact-us\\\/#breadcrumb\"},\"inLanguage\":\"sl-SI\",\"potentialAction\":[{\"@type\":\"ReadAction\",\"target\":[\"https:\\\/\\\/socatrout.com\\\/contact-us\\\/\"]}]},{\"@type\":\"ImageObject\",\"inLanguage\":\"sl-SI\",\"@id\":\"https:\\\/\\\/socatrout.com\\\/contact-us\\\/#primaryimage\",\"url\":\"https:\\\/\\\/socatrout.com\\\/wp-content\\\/uploads\\\/2022\\\/12\\\/P1240956-2-scaled-5000x1000.jpg\",\"contentUrl\":\"https:\\\/\\\/socatrout.com\\\/wp-content\\\/uploads\\\/2022\\\/12\\\/P1240956-2-scaled-5000x1000.jpg\"},{\"@type\":\"BreadcrumbList\",\"@id\":\"https:\\\/\\\/socatrout.com\\\/contact-us\\\/#breadcrumb\",\"itemListElement\":[{\"@type\":\"ListItem\",\"position\":1,\"name\":\"Home\",\"item\":\"https:\\\/\\\/socatrout.com\\\/\"},{\"@type\":\"ListItem\",\"position\":2,\"name\":\"Contact Us\"}]},{\"@type\":\"WebSite\",\"@id\":\"https:\\\/\\\/socatrout.com\\\/#website\",\"url\":\"https:\\\/\\\/socatrout.com\\\/\",\"name\":\"socatrout\",\"description\":\"Fly fishing Slovenia\",\"publisher\":{\"@id\":\"https:\\\/\\\/socatrout.com\\\/#organization\"},\"potentialAction\":[{\"@type\":\"SearchAction\",\"target\":{\"@type\":\"EntryPoint\",\"urlTemplate\":\"https:\\\/\\\/socatrout.com\\\/?s={search_term_string}\"},\"query-input\":{\"@type\":\"PropertyValueSpecification\",\"valueRequired\":true,\"valueName\":\"search_term_string\"}}],\"inLanguage\":\"sl-SI\"},{\"@type\":\"Organization\",\"@id\":\"https:\\\/\\\/socatrout.com\\\/#organization\",\"name\":\"So\u010da trout Fly fishing\",\"url\":\"https:\\\/\\\/socatrout.com\\\/\",\"logo\":{\"@type\":\"ImageObject\",\"inLanguage\":\"sl-SI\",\"@id\":\"https:\\\/\\\/socatrout.com\\\/#\\\/schema\\\/logo\\\/image\\\/\",\"url\":\"https:\\\/\\\/socatrout.com\\\/wp-content\\\/uploads\\\/2021\\\/02\\\/Soca-Trout-flyfishing-logo-2021-01-2.png\",\"contentUrl\":\"https:\\\/\\\/socatrout.com\\\/wp-content\\\/uploads\\\/2021\\\/02\\\/Soca-Trout-flyfishing-logo-2021-01-2.png\",\"width\":2111,\"height\":1543,\"caption\":\"So\u010da trout Fly fishing\"},\"image\":{\"@id\":\"https:\\\/\\\/socatrout.com\\\/#\\\/schema\\\/logo\\\/image\\\/\"},\"sameAs\":[\"https:\\\/\\\/www.facebook.com\\\/socatrout.flyfishing\",\"https:\\\/\\\/www.instagram.com\\\/socatrout.flyfishing\\\/\",\"https:\\\/\\\/www.youtube.com\\\/channel\\\/UCw4-v9FXj7inSGD9Z-Geyow\"]}]}<\/script>\n<!-- \/ Yoast SEO plugin. -->","yoast_head_json":{"title":"Contact Us - Socatrout","robots":{"index":"index","follow":"follow","max-snippet":"max-snippet:-1","max-image-preview":"max-image-preview:large","max-video-preview":"max-video-preview:-1"},"canonical":"https:\/\/socatrout.com\/sl\/contact-us\/","og_locale":"sl_SI","og_type":"article","og_title":"Contact Us - Socatrout","og_description":"Book now Please fill out the form below Please fill out the form to make a reservation, we will reply as soon as possible. After we check and confirm the availability of the selected dates, a booking confirmation will be sent to you by email.If you have any questions, you can either email or call [&hellip;]","og_url":"https:\/\/socatrout.com\/sl\/contact-us\/","og_site_name":"Socatrout","article_publisher":"https:\/\/www.facebook.com\/socatrout.flyfishing","article_modified_time":"2025-07-27T09:00:27+00:00","og_image":[{"url":"https:\/\/socatrout.com\/wp-content\/uploads\/2022\/12\/P1240956-2-scaled-5000x1000.jpg","type":"","width":"","height":""}],"twitter_card":"summary_large_image","twitter_misc":{"Est. reading time":"1 minuta"},"schema":{"@context":"https:\/\/schema.org","@graph":[{"@type":"WebPage","@id":"https:\/\/socatrout.com\/contact-us\/","url":"https:\/\/socatrout.com\/contact-us\/","name":"Contact Us - Socatrout","isPartOf":{"@id":"https:\/\/socatrout.com\/#website"},"primaryImageOfPage":{"@id":"https:\/\/socatrout.com\/contact-us\/#primaryimage"},"image":{"@id":"https:\/\/socatrout.com\/contact-us\/#primaryimage"},"thumbnailUrl":"https:\/\/socatrout.com\/wp-content\/uploads\/2022\/12\/P1240956-2-scaled-5000x1000.jpg","datePublished":"2019-10-28T15:00:47+00:00","dateModified":"2025-07-27T09:00:27+00:00","breadcrumb":{"@id":"https:\/\/socatrout.com\/contact-us\/#breadcrumb"},"inLanguage":"sl-SI","potentialAction":[{"@type":"ReadAction","target":["https:\/\/socatrout.com\/contact-us\/"]}]},{"@type":"ImageObject","inLanguage":"sl-SI","@id":"https:\/\/socatrout.com\/contact-us\/#primaryimage","url":"https:\/\/socatrout.com\/wp-content\/uploads\/2022\/12\/P1240956-2-scaled-5000x1000.jpg","contentUrl":"https:\/\/socatrout.com\/wp-content\/uploads\/2022\/12\/P1240956-2-scaled-5000x1000.jpg"},{"@type":"BreadcrumbList","@id":"https:\/\/socatrout.com\/contact-us\/#breadcrumb","itemListElement":[{"@type":"ListItem","position":1,"name":"Home","item":"https:\/\/socatrout.com\/"},{"@type":"ListItem","position":2,"name":"Contact Us"}]},{"@type":"WebSite","@id":"https:\/\/socatrout.com\/#website","url":"https:\/\/socatrout.com\/","name":"socatrout","description":"Fly fishing Slovenia","publisher":{"@id":"https:\/\/socatrout.com\/#organization"},"potentialAction":[{"@type":"SearchAction","target":{"@type":"EntryPoint","urlTemplate":"https:\/\/socatrout.com\/?s={search_term_string}"},"query-input":{"@type":"PropertyValueSpecification","valueRequired":true,"valueName":"search_term_string"}}],"inLanguage":"sl-SI"},{"@type":"Organization","@id":"https:\/\/socatrout.com\/#organization","name":"So\u010da trout Fly fishing","url":"https:\/\/socatrout.com\/","logo":{"@type":"ImageObject","inLanguage":"sl-SI","@id":"https:\/\/socatrout.com\/#\/schema\/logo\/image\/","url":"https:\/\/socatrout.com\/wp-content\/uploads\/2021\/02\/Soca-Trout-flyfishing-logo-2021-01-2.png","contentUrl":"https:\/\/socatrout.com\/wp-content\/uploads\/2021\/02\/Soca-Trout-flyfishing-logo-2021-01-2.png","width":2111,"height":1543,"caption":"So\u010da trout Fly fishing"},"image":{"@id":"https:\/\/socatrout.com\/#\/schema\/logo\/image\/"},"sameAs":["https:\/\/www.facebook.com\/socatrout.flyfishing","https:\/\/www.instagram.com\/socatrout.flyfishing\/","https:\/\/www.youtube.com\/channel\/UCw4-v9FXj7inSGD9Z-Geyow"]}]}},"_links":{"self":[{"href":"https:\/\/socatrout.com\/sl\/wp-json\/wp\/v2\/pages\/54","targetHints":{"allow":["GET"]}}],"collection":[{"href":"https:\/\/socatrout.com\/sl\/wp-json\/wp\/v2\/pages"}],"about":[{"href":"https:\/\/socatrout.com\/sl\/wp-json\/wp\/v2\/types\/page"}],"author":[{"embeddable":true,"href":"https:\/\/socatrout.com\/sl\/wp-json\/wp\/v2\/users\/1"}],"replies":[{"embeddable":true,"href":"https:\/\/socatrout.com\/sl\/wp-json\/wp\/v2\/comments?post=54"}],"version-history":[{"count":0,"href":"https:\/\/socatrout.com\/sl\/wp-json\/wp\/v2\/pages\/54\/revisions"}],"wp:attachment":[{"href":"https:\/\/socatrout.com\/sl\/wp-json\/wp\/v2\/media?parent=54"}],"curies":[{"name":"wp","href":"https:\/\/api.w.org\/{rel}","templated":true}]}}