{"id":972,"date":"2020-12-05T16:49:09","date_gmt":"2020-12-05T15:49:09","guid":{"rendered":"https:\/\/socatrout.com\/?page_id=972"},"modified":"2021-03-25T10:57:51","modified_gmt":"2021-03-25T09:57:51","slug":"faq","status":"publish","type":"page","link":"https:\/\/socatrout.com\/sl\/faq\/","title":{"rendered":"FAQ"},"content":{"rendered":"<div data-elementor-type=\"wp-page\" data-elementor-id=\"972\" class=\"elementor elementor-972\" data-elementor-post-type=\"page\">\n\t\t\t\t\t\t<section class=\"elementor-section elementor-top-section elementor-element elementor-element-01a2dcc elementor-section-boxed elementor-section-height-default elementor-section-height-default\" data-id=\"01a2dcc\" data-element_type=\"section\" data-e-type=\"section\">\n\t\t\t\t\t\t<div class=\"elementor-container elementor-column-gap-default\">\n\t\t\t\t\t<div class=\"aux-parallax-section elementor-column elementor-col-100 elementor-top-column elementor-element elementor-element-935a9c0\" data-id=\"935a9c0\" data-element_type=\"column\" data-e-type=\"column\">\n\t\t\t<div class=\"elementor-widget-wrap elementor-element-populated\">\n\t\t\t\t\t\t<div class=\"elementor-element elementor-element-3233c34 elementor-widget elementor-widget-aux_faq\" data-id=\"3233c34\" data-element_type=\"widget\" data-e-type=\"widget\" data-widget_type=\"aux_faq.default\">\n\t\t\t\t<div class=\"elementor-widget-container\">\n\t\t\t\t\t<section class=\"widget-container aux-widget-faq aux-widget-accordion aux-parent-au61415b35\" style=\"\" ><div id=\"6a0494a2d9f9f\" data-element-id=\"au61415b35\" class=\"aux-isotope-faq aux-isotope-animated widget-toggle aux-accordion-simple\" data-lazyload=\"true\" data-space=\"0\" data-pagination=\"true\" data-deeplink=\"true\" data-slug=\"\" data-perpage=\"10\" data-reveal-transition-duration=\"600\" data-reveal-between-delay=\"70\" data-hide-transition-duration=\"600\" data-hide-between-delay=\"70\"> <div class=\"aux-items-loading\"><div class=\"aux-loading-loop\"><svg class=\"aux-circle\" width=\"100%\" height=\"100%\" viewbox=\"0 0 42 42\"><circle class=\"aux-stroke-bg\" r=\"20\" cx=\"21\" cy=\"21\" fill=\"none\"><\/circle><circle class=\"aux-progress\" r=\"20\" cx=\"21\" cy=\"21\" fill=\"none\" transform=\"rotate(-90 21 21)\"><\/circle><\/svg><\/div><\/div><div class=\"aux-faq-item aux-iso-item aux-loading\"><h4 class=\"aux-faq-item-header toggle-header\">Katero muharsko opremo rabim?<span class=\"aux-accordion-indicator\"><\/span><\/h4><div class=\"aux-faq-item-content toggle-content\"><p><span style=\"color: #202124;\"><span style=\"font-family: Times New Roman, monospace;\"><span style=\"font-size: medium;\">Za muharjenje v na\u0161ih vodah bo v ve\u010dini primerov dobro slu\u017eila palica klase #5 dol\u017eine 9 \u010devljev z pripadajo\u010do plavajo\u010do vrvico. Pri lovu na velike so\u0161ke postrvi imamo raje palice klase od #8 do #10 dol\u017eine 9 \u010devljev in plavajo\u010de vrvice s potopnimi konicami. Za manj\u0161e pritoke palice klase #3 do #4 in dol\u017eine do 8,6 \u010devljev so ve\u010d kot odli\u010dna izbira.<\/span><\/span><\/span><\/p>\n<p><span style=\"font-family: Liberation Serif, serif;\"><span style=\"font-size: medium;\">Kak\u0161ne umetne muhe uporabljamo?<\/span><\/span><\/p>\n<p><span style=\"font-family: Liberation Serif, serif;\"><span style=\"font-size: medium;\">Za suhe muhe boste rabili imitacije majskih muh (rumena, olivna, \u010drna, siva), lo\u010dnice-\u0161a\u0161a (rjava, \u010drna), vrbnice (\u010drna, rjava, rumena), Klinkhamerje (razli\u010dne barve), posnetke suhozemk in pa ne pozabit na muho Stimulator.<\/span><\/span><span style=\"font-family: Liberation Serif, serif;\"><span style=\"font-size: medium;\">Za nimfarjenje klasi\u010dni fazanji rep, zaj\u010dje uho, pupa \u0161a\u0161a in pa nimfe vezane na jig trnek z tungsten glavo v razli\u010dnih barvah.<\/span><\/span><span style=\"font-family: Liberation Serif, serif;\"><span style=\"font-size: medium;\">Wooly Bugerje, imitacije malih rib, gra\u0161evce in muhe vezane na jig trnke pa najraj\u0161i uporabljamo ko lovimo na potezanko.(v naravnih barvah)<\/span><\/span><\/p>\n<p><span style=\"font-family: Liberation Serif, serif;\"><span style=\"font-size: medium;\">Brez skrbi v kolikor ne boste imeli dovolj svojih umetnih muh, imamo cel izbor potrebnih muh vedno na razpolago na\u0161im gostom.<\/span><\/span><\/p>\n<p>&nbsp;<\/p>\n<\/div><div class=\"clear\"><\/div><\/div><div class=\"aux-faq-item aux-iso-item aux-loading\"><h4 class=\"aux-faq-item-header toggle-header\">Katero drugo ribolovno opremo se \u0161e rabim?<span class=\"aux-accordion-indicator\"><\/span><\/h4><div class=\"aux-faq-item-content toggle-content\"><p><span style=\"color: #202124;\"><span style=\"font-family: Times New Roman, monospace;\"><span style=\"font-size: medium;\">Potrebovali boste dobre hla\u010dne \u0161kornje v kombinaciji s kvalitetnimi \u010devlji, po mo\u017enosti z gumijastim podplatom. V dneh z nepredvidljivim vremenom je treba imeti pri roki topla in vodoodporna obla\u010dila, tudi poleti. Za za\u0161\u010dito pred vro\u010dim soncem v poletnih dneh boste potrebovali kapo ali klobuk in ne pozabite na polarizirana son\u010dna o\u010dala z dobro za\u0161\u010dito pred UV \u017earki.<\/span><\/span><\/span><\/p>\n<\/div><div class=\"clear\"><\/div><\/div><div class=\"aux-faq-item aux-iso-item aux-loading\"><h4 class=\"aux-faq-item-header toggle-header\">Kdaj za\u010dne ribolovna sezona?<span class=\"aux-accordion-indicator\"><\/span><\/h4><div class=\"aux-faq-item-content toggle-content\"><p><span style=\"color: #202124;\"><span style=\"font-family: Times New Roman, monospace;\"><span style=\"font-size: medium;\">V Sloveniji  ribolovna sezona postrvi za\u010dne v marcu in kon\u010da konec novembra, odvisno od reke kjer \u017eelite loviti.<\/span><\/span><\/span><\/p>\n<\/div><div class=\"clear\"><\/div><\/div><div class=\"aux-faq-item aux-iso-item aux-loading\"><h4 class=\"aux-faq-item-header toggle-header\">Kdaj je najbolj\u0161i \u010das za ribolov?<span class=\"aux-accordion-indicator\"><\/span><\/h4><div class=\"aux-faq-item-content toggle-content\"><p><span style=\"color: #202124;\"><span style=\"font-family: Times New Roman, monospace;\"><span style=\"font-size: medium;\">Dober ribolov lahko pri\u010dakujete tako na za\u010detku, kot na koncu sezone in tudi med poletnimi meseci. Vsaka sezona ima svoje zna\u010dilnosti na katere se je treba pripraviti in prilagoditi. V vsakem primeru lahko imate nepozabno muharsko izku\u0161njo, ne glede na to kateri del sezone boste izbrali.<\/span><\/span><\/span><\/p>\n<\/div><div class=\"clear\"><\/div><\/div><div class=\"aux-faq-item aux-iso-item aux-loading\"><h4 class=\"aux-faq-item-header toggle-header\">Kaj pa v primeru slabega vremena in te\u017ekih ribolovnih razmer?<span class=\"aux-accordion-indicator\"><\/span><\/h4><div class=\"aux-faq-item-content toggle-content\"><p><span style=\"color: #202124;\"><span style=\"font-family: Times New Roman, monospace;\"><span style=\"font-size: medium;\">Zelo redko se zgodi, da se ne moremo odpravit na muharjenje. Vedno se posku\u0161amo po najbolj\u0161ih mo\u010deh prilagoditi na dane vremenske pogoje. V\u010dasih pa smo v primeru ekstremno visokih vodostajev rek, ter v mo\u010dnih nalivih s strelami primorani izlet odpovedati. V teh primerih vam vrnemo denar.<\/span><\/span><\/span><\/p>\n<\/div><div class=\"clear\"><\/div><\/div><div class=\"aux-faq-item aux-iso-item aux-loading\"><h4 class=\"aux-faq-item-header toggle-header\">Kje lahko kupim ribolovno dovolilnico in koliko je cena?<span class=\"aux-accordion-indicator\"><\/span><\/h4><div class=\"aux-faq-item-content toggle-content\"><p><span style=\"color: #202124;\"><span style=\"font-family: Times New Roman, monospace;\"><span style=\"font-size: medium;\">Za vse vodene izlete vam ribolovno dovolilnico priskrbimo mi. Cene dnevnih dovolilnic se gibljejo od 30\u20ac do 100\u20ac na osebo.<\/span><\/span><\/span><\/p>\n<\/div><div class=\"clear\"><\/div><\/div><div class=\"aux-faq-item aux-iso-item aux-loading\"><h4 class=\"aux-faq-item-header toggle-header\">Kako je z hrano in pija\u010do?<span class=\"aux-accordion-indicator\"><\/span><\/h4><div class=\"aux-faq-item-content toggle-content\"><p><span style=\"color: #202124;\"><span style=\"font-family: Times New Roman, monospace;\"><span style=\"font-size: medium;\">Vsak udele\u017eenec prejme malico in plastenko vode. Pri celodnevnih izletih vam za dopla\u010dilo lahko pripravimo sendvi\u010d ali pa si s sabo prinesete svojo hrano, lahko pa se po \u017eelji tudi zapeljemo do bli\u017enje restavracije kjer si lahko privo\u0161\u010dite kosilo.<\/span><\/span><\/span><\/p>\n<\/div><div class=\"clear\"><\/div><\/div><div class=\"aux-faq-item aux-iso-item aux-loading\"><h4 class=\"aux-faq-item-header toggle-header\">Kako rezervirati izlet?<span class=\"aux-accordion-indicator\"><\/span><\/h4><div class=\"aux-faq-item-content toggle-content\"><p><span style=\"color: #202124;\"><span style=\"font-family: Times New Roman, monospace;\"><span style=\"font-size: medium;\">Na na\u0161i spletni strani lahko kliknete na enega izmed gumbov <a href=\"https:\/\/socatrout.com\/sl\/contact-us\/\"><b>rezerviraj zdaj<\/b><\/a> , ki vas preusmeri na stran kjer se nahaja kontaktni obrazec, ki ga izpolnete in po\u0161ljete. Po prejemu povpra\u0161evanja <span style=\"font-family: Times New Roman, serif;\">bomo preverili razpolo\u017eljivost izbranih datumov in vam v najkraj\u0161em mo\u017enem \u010dasu potrdili rezervacijo.<\/span><\/span><\/span><\/span><\/p>\n<\/div><div class=\"clear\"><\/div><\/div><div class=\"aux-faq-item aux-iso-item aux-loading\"><h4 class=\"aux-faq-item-header toggle-header\">Kje bivati?<span class=\"aux-accordion-indicator\"><\/span><\/h4><div class=\"aux-faq-item-content toggle-content\"><p><span style=\"color: #202124;\"><span style=\"font-family: Times New Roman, serif;\"><span style=\"font-size: medium;\">Glede na to, da se nahajamo v Bovcu je zaradi samega prevoza je najbolje da ste name\u0161\u010deni v Bovcu oziroma v bli\u017eini. \u010ce ne veste kje rezervirati spanje, se lahko obrnete na nas in vam lahko damo priporo\u010dilo.<\/span><\/span><\/span><\/p>\n<\/div><div class=\"clear\"><\/div><\/div><\/div><\/section><!-- widget-container -->\t\t\t\t<\/div>\n\t\t\t\t<\/div>\n\t\t\t\t\t<\/div>\n\t\t<\/div>\n\t\t\t\t\t<\/div>\n\t\t<\/section>\n\t\t\t\t<\/div>","protected":false},"excerpt":{"rendered":"<p>What kind of fishing gear do I need? For fly fishing in our waters a #5 weight 9 ft. rod with a matching floating line will in most cases do the job. When catching large marble trout we prefer #8 to #10 weight rods and sink tip lines. For smaller tributaries #3 or #4 weight [&hellip;]<\/p>\n","protected":false},"author":1,"featured_media":0,"parent":0,"menu_order":0,"comment_status":"closed","ping_status":"closed","template":"elementor_header_footer","meta":{"_monsterinsights_skip_tracking":false,"_monsterinsights_sitenote_active":false,"_monsterinsights_sitenote_note":"","_monsterinsights_sitenote_category":0,"footnotes":""},"class_list":["post-972","page","type-page","status-publish","hentry"],"yoast_head":"<!-- This site is optimized with the Yoast SEO plugin v27.6 - https:\/\/yoast.com\/product\/yoast-seo-wordpress\/ -->\n<title>FAQ - Socatrout<\/title>\n<meta name=\"robots\" content=\"index, follow, max-snippet:-1, max-image-preview:large, max-video-preview:-1\" \/>\n<link rel=\"canonical\" href=\"https:\/\/socatrout.com\/sl\/faq\/\" \/>\n<meta property=\"og:locale\" content=\"sl_SI\" \/>\n<meta property=\"og:type\" content=\"article\" \/>\n<meta property=\"og:title\" content=\"FAQ - Socatrout\" \/>\n<meta property=\"og:description\" content=\"What kind of fishing gear do I need? For fly fishing in our waters a #5 weight 9 ft. rod with a matching floating line will in most cases do the job. When catching large marble trout we prefer #8 to #10 weight rods and sink tip lines. For smaller tributaries #3 or #4 weight [&hellip;]\" \/>\n<meta property=\"og:url\" content=\"https:\/\/socatrout.com\/sl\/faq\/\" \/>\n<meta property=\"og:site_name\" content=\"Socatrout\" \/>\n<meta property=\"article:publisher\" content=\"https:\/\/www.facebook.com\/socatrout.flyfishing\" \/>\n<meta property=\"article:modified_time\" content=\"2021-03-25T09:57:51+00:00\" \/>\n<meta property=\"og:image\" content=\"https:\/\/socatrout.com\/wp-content\/uploads\/2021\/04\/DSC01276-2.jpg\" \/>\n\t<meta property=\"og:image:width\" content=\"1000\" \/>\n\t<meta property=\"og:image:height\" content=\"666\" \/>\n\t<meta property=\"og:image:type\" content=\"image\/jpeg\" \/>\n<meta name=\"twitter:card\" content=\"summary_large_image\" \/>\n<meta name=\"twitter:label1\" content=\"Est. reading time\" \/>\n\t<meta name=\"twitter:data1\" content=\"3 minute\" \/>\n<script type=\"application\/ld+json\" class=\"yoast-schema-graph\">{\"@context\":\"https:\\\/\\\/schema.org\",\"@graph\":[{\"@type\":\"WebPage\",\"@id\":\"https:\\\/\\\/socatrout.com\\\/faq\\\/\",\"url\":\"https:\\\/\\\/socatrout.com\\\/faq\\\/\",\"name\":\"FAQ - Socatrout\",\"isPartOf\":{\"@id\":\"https:\\\/\\\/socatrout.com\\\/#website\"},\"datePublished\":\"2020-12-05T15:49:09+00:00\",\"dateModified\":\"2021-03-25T09:57:51+00:00\",\"breadcrumb\":{\"@id\":\"https:\\\/\\\/socatrout.com\\\/faq\\\/#breadcrumb\"},\"inLanguage\":\"sl-SI\",\"potentialAction\":[{\"@type\":\"ReadAction\",\"target\":[\"https:\\\/\\\/socatrout.com\\\/faq\\\/\"]}]},{\"@type\":\"BreadcrumbList\",\"@id\":\"https:\\\/\\\/socatrout.com\\\/faq\\\/#breadcrumb\",\"itemListElement\":[{\"@type\":\"ListItem\",\"position\":1,\"name\":\"Home\",\"item\":\"https:\\\/\\\/socatrout.com\\\/\"},{\"@type\":\"ListItem\",\"position\":2,\"name\":\"FAQ\"}]},{\"@type\":\"WebSite\",\"@id\":\"https:\\\/\\\/socatrout.com\\\/#website\",\"url\":\"https:\\\/\\\/socatrout.com\\\/\",\"name\":\"socatrout\",\"description\":\"Fly fishing Slovenia\",\"publisher\":{\"@id\":\"https:\\\/\\\/socatrout.com\\\/#organization\"},\"potentialAction\":[{\"@type\":\"SearchAction\",\"target\":{\"@type\":\"EntryPoint\",\"urlTemplate\":\"https:\\\/\\\/socatrout.com\\\/?s={search_term_string}\"},\"query-input\":{\"@type\":\"PropertyValueSpecification\",\"valueRequired\":true,\"valueName\":\"search_term_string\"}}],\"inLanguage\":\"sl-SI\"},{\"@type\":\"Organization\",\"@id\":\"https:\\\/\\\/socatrout.com\\\/#organization\",\"name\":\"So\u010da trout Fly fishing\",\"url\":\"https:\\\/\\\/socatrout.com\\\/\",\"logo\":{\"@type\":\"ImageObject\",\"inLanguage\":\"sl-SI\",\"@id\":\"https:\\\/\\\/socatrout.com\\\/#\\\/schema\\\/logo\\\/image\\\/\",\"url\":\"https:\\\/\\\/socatrout.com\\\/wp-content\\\/uploads\\\/2021\\\/02\\\/Soca-Trout-flyfishing-logo-2021-01-2.png\",\"contentUrl\":\"https:\\\/\\\/socatrout.com\\\/wp-content\\\/uploads\\\/2021\\\/02\\\/Soca-Trout-flyfishing-logo-2021-01-2.png\",\"width\":2111,\"height\":1543,\"caption\":\"So\u010da trout Fly fishing\"},\"image\":{\"@id\":\"https:\\\/\\\/socatrout.com\\\/#\\\/schema\\\/logo\\\/image\\\/\"},\"sameAs\":[\"https:\\\/\\\/www.facebook.com\\\/socatrout.flyfishing\",\"https:\\\/\\\/www.instagram.com\\\/socatrout.flyfishing\\\/\",\"https:\\\/\\\/www.youtube.com\\\/channel\\\/UCw4-v9FXj7inSGD9Z-Geyow\"]}]}<\/script>\n<!-- \/ Yoast SEO plugin. -->","yoast_head_json":{"title":"FAQ - Socatrout","robots":{"index":"index","follow":"follow","max-snippet":"max-snippet:-1","max-image-preview":"max-image-preview:large","max-video-preview":"max-video-preview:-1"},"canonical":"https:\/\/socatrout.com\/sl\/faq\/","og_locale":"sl_SI","og_type":"article","og_title":"FAQ - Socatrout","og_description":"What kind of fishing gear do I need? For fly fishing in our waters a #5 weight 9 ft. rod with a matching floating line will in most cases do the job. When catching large marble trout we prefer #8 to #10 weight rods and sink tip lines. For smaller tributaries #3 or #4 weight [&hellip;]","og_url":"https:\/\/socatrout.com\/sl\/faq\/","og_site_name":"Socatrout","article_publisher":"https:\/\/www.facebook.com\/socatrout.flyfishing","article_modified_time":"2021-03-25T09:57:51+00:00","og_image":[{"width":1000,"height":666,"url":"https:\/\/socatrout.com\/wp-content\/uploads\/2021\/04\/DSC01276-2.jpg","type":"image\/jpeg"}],"twitter_card":"summary_large_image","twitter_misc":{"Est. reading time":"3 minute"},"schema":{"@context":"https:\/\/schema.org","@graph":[{"@type":"WebPage","@id":"https:\/\/socatrout.com\/faq\/","url":"https:\/\/socatrout.com\/faq\/","name":"FAQ - Socatrout","isPartOf":{"@id":"https:\/\/socatrout.com\/#website"},"datePublished":"2020-12-05T15:49:09+00:00","dateModified":"2021-03-25T09:57:51+00:00","breadcrumb":{"@id":"https:\/\/socatrout.com\/faq\/#breadcrumb"},"inLanguage":"sl-SI","potentialAction":[{"@type":"ReadAction","target":["https:\/\/socatrout.com\/faq\/"]}]},{"@type":"BreadcrumbList","@id":"https:\/\/socatrout.com\/faq\/#breadcrumb","itemListElement":[{"@type":"ListItem","position":1,"name":"Home","item":"https:\/\/socatrout.com\/"},{"@type":"ListItem","position":2,"name":"FAQ"}]},{"@type":"WebSite","@id":"https:\/\/socatrout.com\/#website","url":"https:\/\/socatrout.com\/","name":"socatrout","description":"Fly fishing Slovenia","publisher":{"@id":"https:\/\/socatrout.com\/#organization"},"potentialAction":[{"@type":"SearchAction","target":{"@type":"EntryPoint","urlTemplate":"https:\/\/socatrout.com\/?s={search_term_string}"},"query-input":{"@type":"PropertyValueSpecification","valueRequired":true,"valueName":"search_term_string"}}],"inLanguage":"sl-SI"},{"@type":"Organization","@id":"https:\/\/socatrout.com\/#organization","name":"So\u010da trout Fly fishing","url":"https:\/\/socatrout.com\/","logo":{"@type":"ImageObject","inLanguage":"sl-SI","@id":"https:\/\/socatrout.com\/#\/schema\/logo\/image\/","url":"https:\/\/socatrout.com\/wp-content\/uploads\/2021\/02\/Soca-Trout-flyfishing-logo-2021-01-2.png","contentUrl":"https:\/\/socatrout.com\/wp-content\/uploads\/2021\/02\/Soca-Trout-flyfishing-logo-2021-01-2.png","width":2111,"height":1543,"caption":"So\u010da trout Fly fishing"},"image":{"@id":"https:\/\/socatrout.com\/#\/schema\/logo\/image\/"},"sameAs":["https:\/\/www.facebook.com\/socatrout.flyfishing","https:\/\/www.instagram.com\/socatrout.flyfishing\/","https:\/\/www.youtube.com\/channel\/UCw4-v9FXj7inSGD9Z-Geyow"]}]}},"_links":{"self":[{"href":"https:\/\/socatrout.com\/sl\/wp-json\/wp\/v2\/pages\/972","targetHints":{"allow":["GET"]}}],"collection":[{"href":"https:\/\/socatrout.com\/sl\/wp-json\/wp\/v2\/pages"}],"about":[{"href":"https:\/\/socatrout.com\/sl\/wp-json\/wp\/v2\/types\/page"}],"author":[{"embeddable":true,"href":"https:\/\/socatrout.com\/sl\/wp-json\/wp\/v2\/users\/1"}],"replies":[{"embeddable":true,"href":"https:\/\/socatrout.com\/sl\/wp-json\/wp\/v2\/comments?post=972"}],"version-history":[{"count":0,"href":"https:\/\/socatrout.com\/sl\/wp-json\/wp\/v2\/pages\/972\/revisions"}],"wp:attachment":[{"href":"https:\/\/socatrout.com\/sl\/wp-json\/wp\/v2\/media?parent=972"}],"curies":[{"name":"wp","href":"https:\/\/api.w.org\/{rel}","templated":true}]}}